{"id":1261,"date":"2015-02-24T22:59:57","date_gmt":"2015-02-24T21:59:57","guid":{"rendered":"http:\/\/torredeilamberti.it\/appuntamenti\/?lang=de"},"modified":"2025-02-21T15:45:42","modified_gmt":"2025-02-21T14:45:42","slug":"veranstaltungen","status":"publish","type":"page","link":"https:\/\/www.torredeilamberti.it\/de\/veranstaltungen\/","title":{"rendered":"Veranstaltungen"},"content":{"rendered":"<div id='full_slider_1'  class='avia-fullwidth-slider main_color avia-shadow   avia-builder-el-0  el_before_av_section  avia-builder-el-first   container_wrap fullsize'  >\n<style type=\"text\/css\" data-created_by=\"avia_inline_auto\" id=\"style-css-av-av_slideshow_full-d232127d8c461a24a6ee67c7f01c1f21\">\n#top #wrap_all .avia-slideshow .av-slideshow-caption.av-av_slideshow_full-d232127d8c461a24a6ee67c7f01c1f21__0 .avia-caption-title{\nfont-size:40px;\n}\n#top .avia-slideshow .av-slideshow-caption.av-av_slideshow_full-d232127d8c461a24a6ee67c7f01c1f21__0 .avia-caption-content{\nfont-size:40px;\n}\n#top .avia-slideshow .av-slideshow-caption.av-av_slideshow_full-d232127d8c461a24a6ee67c7f01c1f21__0 .avia-caption-content p{\nfont-size:40px;\n}\n<\/style>\n<div  class='avia-slideshow av-av_slideshow_full-d232127d8c461a24a6ee67c7f01c1f21 avia-slideshow-featured av_slideshow_full avia-slide-slider av-slideshow-ui av-control-default av-slideshow-manual av-loop-once av-loop-manual-endless av-default-height-applied   avia-slideshow-1' data-slideshow-options=\"{&quot;animation&quot;:&quot;slide&quot;,&quot;autoplay&quot;:false,&quot;loop_autoplay&quot;:&quot;once&quot;,&quot;interval&quot;:5,&quot;loop_manual&quot;:&quot;manual-endless&quot;,&quot;autoplay_stopper&quot;:false,&quot;noNavigation&quot;:false,&quot;bg_slider&quot;:false,&quot;keep_padding&quot;:false,&quot;hoverpause&quot;:false,&quot;show_slide_delay&quot;:0}\"  itemprop=\"image\" itemscope=\"itemscope\" itemtype=\"https:\/\/schema.org\/ImageObject\" ><ul class='avia-slideshow-inner ' style='padding-bottom: 28.666666666667%;'><li  class='avia-slideshow-slide av-av_slideshow_full-d232127d8c461a24a6ee67c7f01c1f21__0  av-single-slide slide-1 slide-odd'><div data-rel='slideshow-1' class='avia-slide-wrap '   ><img decoding=\"async\" fetchpriority=\"high\" class=\"wp-image-2259 avia-img-lazy-loading-not-2259\"  src=\"https:\/\/www.torredeilamberti.it\/wp-content\/uploads\/R_UD0276-1500x430.jpg\" width=\"1500\" height=\"430\" title='Tramonto romantico Torre dei Lamberti' alt=''  itemprop=\"thumbnailUrl\"   \/><\/div><\/li><\/ul><div class='av-slideshow-caption av-av_slideshow_full-d232127d8c461a24a6ee67c7f01c1f21__0 caption_fullwidth caption_left'><div class=\"container caption_container\"><div class=\"slideshow_caption\"><div class=\"slideshow_inner_caption\"><div class=\"slideshow_align_caption\"><h2 class='avia-caption-title '  itemprop=\"name\" >Ein Turm,<br \/>\ntausend \u00dcberraschungen<\/h2><\/div><\/div><\/div><\/div><\/div><\/div><\/div>\n\n<style type=\"text\/css\" data-created_by=\"avia_inline_auto\" id=\"style-css-av-av_section-841f5cd40f3f634ac8f0c643c7240f78\">\n.avia-section.av-av_section-841f5cd40f3f634ac8f0c643c7240f78{\nbackground-color:#e7ded3;\nbackground-image:unset;\n}\n.avia-section.av-av_section-841f5cd40f3f634ac8f0c643c7240f78 .av-section-color-overlay{\nopacity:0.5;\nbackground-image:url(https:\/\/www.torredeilamberti.it\/wp-content\/themes\/enfold\/images\/background-images\/noise-for-dark-background.png);\nbackground-repeat:repeat;\n}\n<\/style>\n<div id='av_section_1'  class='avia-section av-av_section-841f5cd40f3f634ac8f0c643c7240f78 main_color avia-section-huge avia-no-border-styling  avia-builder-el-1  el_after_av_slideshow_full  el_before_av_section  avia-bg-style-scroll av-section-color-overlay-active container_wrap fullsize'  ><div class=\"av-section-color-overlay-wrap\"><div class=\"av-section-color-overlay\"><\/div><div class='container av-section-cont-open' ><div class='template-page content  av-content-full alpha units'><div class='post-entry post-entry-type-page post-entry-1261'><div class='entry-content-wrapper clearfix'>\n\n<style type=\"text\/css\" data-created_by=\"avia_inline_auto\" id=\"style-css-av-av_one_full-6126cab7d8fab8d08143dd2dacdf673c\">\n.flex_column.av-av_one_full-6126cab7d8fab8d08143dd2dacdf673c{\nborder-radius:0px 0px 0px 0px;\npadding:0px 0px 0px 0px;\n}\n<\/style>\n<div  class='flex_column av-av_one_full-6126cab7d8fab8d08143dd2dacdf673c av_one_full  avia-builder-el-2  el_before_av_one_third  avia-builder-el-first  first flex_column_div av-zero-column-padding  '     ><style type=\"text\/css\" data-created_by=\"avia_inline_auto\" id=\"style-css-av-av_heading-0ad885f2e2d7bc7b3a6e69e3e780b819\">\n#top .av-special-heading.av-av_heading-0ad885f2e2d7bc7b3a6e69e3e780b819{\npadding-bottom:10px;\nfont-size:34px;\n}\nbody .av-special-heading.av-av_heading-0ad885f2e2d7bc7b3a6e69e3e780b819 .av-special-heading-tag .heading-char{\nfont-size:25px;\n}\n#top #wrap_all .av-special-heading.av-av_heading-0ad885f2e2d7bc7b3a6e69e3e780b819 .av-special-heading-tag{\nfont-size:34px;\n}\n.av-special-heading.av-av_heading-0ad885f2e2d7bc7b3a6e69e3e780b819 .av-subheading{\nfont-size:15px;\n}\n\n@media only screen and (min-width: 480px) and (max-width: 767px){ \n#top #wrap_all .av-special-heading.av-av_heading-0ad885f2e2d7bc7b3a6e69e3e780b819 .av-special-heading-tag{\nfont-size:0.8em;\n}\n}\n\n@media only screen and (max-width: 479px){ \n#top #wrap_all .av-special-heading.av-av_heading-0ad885f2e2d7bc7b3a6e69e3e780b819 .av-special-heading-tag{\nfont-size:0.8em;\n}\n}\n<\/style>\n<div  class='av-special-heading av-av_heading-0ad885f2e2d7bc7b3a6e69e3e780b819 av-special-heading-h1 blockquote modern-quote modern-centered  avia-builder-el-3  avia-builder-el-no-sibling  av-thin-font av-inherit-size'><h1 class='av-special-heading-tag '  itemprop=\"headline\"  ><strong>Torre dei Lamberti.<\/strong><br \/>\nFaszinierend am <strong>Tag<\/strong>, \u00fcberraschend bei <strong>Nacht<\/strong>.<\/h1><div class=\"special-heading-border\"><div class=\"special-heading-inner-border\"><\/div><\/div><\/div><\/div>\n<style type=\"text\/css\" data-created_by=\"avia_inline_auto\" id=\"style-css-av-av_one_third-6126cab7d8fab8d08143dd2dacdf673c\">\n.flex_column.av-av_one_third-6126cab7d8fab8d08143dd2dacdf673c{\nborder-radius:0px 0px 0px 0px;\npadding:0px 0px 0px 0px;\n}\n<\/style>\n<div  class='flex_column av-av_one_third-6126cab7d8fab8d08143dd2dacdf673c av_one_third  avia-builder-el-4  el_after_av_one_full  el_before_av_one_third  first flex_column_div av-zero-column-padding  column-top-margin'     ><p>\n<style type=\"text\/css\" data-created_by=\"avia_inline_auto\" id=\"style-css-av-av_font_icon-d66b27f6a55be4911ee5de84f3ee7388\">\n.av_font_icon.av-av_font_icon-d66b27f6a55be4911ee5de84f3ee7388{\ncolor:#222222;\nborder-color:#222222;\n}\n.avia-svg-icon.av-av_font_icon-d66b27f6a55be4911ee5de84f3ee7388 svg:first-child{\nstroke:#222222;\nfill:#222222;\n}\n.av_font_icon.av-av_font_icon-d66b27f6a55be4911ee5de84f3ee7388 .av-icon-char{\nfont-size:40px;\nline-height:40px;\n}\n<\/style>\n<span  class='av_font_icon av-av_font_icon-d66b27f6a55be4911ee5de84f3ee7388 avia_animate_when_visible av-icon-style- avia-icon-pos-center avia-iconfont avia-font-entypo-fontello avia-icon-animate'><span class='av-icon-char' data-av_icon='\ue866' data-av_iconfont='entypo-fontello' aria-hidden=\"true\" ><\/span><\/span><br \/>\n<section  class='av_textblock_section av-av_textblock-0366cc7376be6c9e82a3e9cc8987b64f '   itemscope=\"itemscope\" itemtype=\"https:\/\/schema.org\/CreativeWork\" ><div class='avia_textblock'  itemprop=\"text\" ><p>Am Tag ist der Turm mit seiner beliebten Aussichtsplattform ein bei von Touristen aus aller Welt besuchtes historisches Baudenkmal, von wo aus die Altstadt Veronas und ihr Umland bestaunt werden k\u00f6nnen.<\/p>\n<\/div><\/section><\/p><\/div>\n<style type=\"text\/css\" data-created_by=\"avia_inline_auto\" id=\"style-css-av-av_one_third-0aa7055fe62c3622faec82866afbaeb2\">\n.flex_column.av-av_one_third-0aa7055fe62c3622faec82866afbaeb2{\nborder-radius:0px 0px 0px 0px;\npadding:0px 0px 0px 0px;\n}\n<\/style>\n<div  class='flex_column av-av_one_third-0aa7055fe62c3622faec82866afbaeb2 av_one_third  avia-builder-el-7  el_after_av_one_third  el_before_av_one_third  flex_column_div av-zero-column-padding  column-top-margin'     ><p>\n<style type=\"text\/css\" data-created_by=\"avia_inline_auto\" id=\"style-css-av-av_font_icon-d0897bb378cabce8471c5975d6dfe01e\">\n.av_font_icon.av-av_font_icon-d0897bb378cabce8471c5975d6dfe01e{\ncolor:#222222;\nborder-color:#222222;\n}\n.avia-svg-icon.av-av_font_icon-d0897bb378cabce8471c5975d6dfe01e svg:first-child{\nstroke:#222222;\nfill:#222222;\n}\n.av_font_icon.av-av_font_icon-d0897bb378cabce8471c5975d6dfe01e .av-icon-char{\nfont-size:40px;\nline-height:40px;\n}\n<\/style>\n<span  class='av_font_icon av-av_font_icon-d0897bb378cabce8471c5975d6dfe01e avia_animate_when_visible av-icon-style- avia-icon-pos-center avia-iconfont avia-font-entypo-fontello avia-icon-animate'><span class='av-icon-char' data-av_icon='\ue8b5' data-av_iconfont='entypo-fontello' aria-hidden=\"true\" ><\/span><\/span><br \/>\n<section  class='av_textblock_section av-av_textblock-0366cc7376be6c9e82a3e9cc8987b64f '   itemscope=\"itemscope\" itemtype=\"https:\/\/schema.org\/CreativeWork\" ><div class='avia_textblock'  itemprop=\"text\" ><p>Bei Nacht wird der Turm zur exklusiven Location f\u00fcr Privatpersonen, Unternehmen und staatliche Einrichtungen, die ihn als Austragungsort ihrer Events \u00fcber den Lichtern der Stadt ausgew\u00e4hlt haben.<\/p>\n<\/div><\/section><\/p><\/div>\n<style type=\"text\/css\" data-created_by=\"avia_inline_auto\" id=\"style-css-av-av_one_third-0aa7055fe62c3622faec82866afbaeb2\">\n.flex_column.av-av_one_third-0aa7055fe62c3622faec82866afbaeb2{\nborder-radius:0px 0px 0px 0px;\npadding:0px 0px 0px 0px;\n}\n<\/style>\n<div  class='flex_column av-av_one_third-0aa7055fe62c3622faec82866afbaeb2 av_one_third  avia-builder-el-10  el_after_av_one_third  el_before_av_one_third  flex_column_div av-zero-column-padding  column-top-margin'     ><p>\n<style type=\"text\/css\" data-created_by=\"avia_inline_auto\" id=\"style-css-av-av_font_icon-4e87180bb00219f6b19e402ccea87699\">\n.av_font_icon.av-av_font_icon-4e87180bb00219f6b19e402ccea87699{\ncolor:#222222;\nborder-color:#222222;\n}\n.avia-svg-icon.av-av_font_icon-4e87180bb00219f6b19e402ccea87699 svg:first-child{\nstroke:#222222;\nfill:#222222;\n}\n.av_font_icon.av-av_font_icon-4e87180bb00219f6b19e402ccea87699 .av-icon-char{\nfont-size:40px;\nline-height:40px;\n}\n<\/style>\n<span  class='av_font_icon av-av_font_icon-4e87180bb00219f6b19e402ccea87699 avia_animate_when_visible av-icon-style- avia-icon-pos-center avia-iconfont avia-font-entypo-fontello avia-icon-animate'><span class='av-icon-char' data-av_icon='\ue806' data-av_iconfont='entypo-fontello' aria-hidden=\"true\" ><\/span><\/span><br \/>\n<section  class='av_textblock_section av-av_textblock-0366cc7376be6c9e82a3e9cc8987b64f '   itemscope=\"itemscope\" itemtype=\"https:\/\/schema.org\/CreativeWork\" ><div class='avia_textblock'  itemprop=\"text\" ><p><strong>AGEC Ristorazione &#8211; Eventi<\/strong> sorgt f\u00fcr diese doppelte Nutzung des Turms <strong>Torre dei Lamberti<\/strong> und verschafft den Besuchern auch die M\u00f6glichkeit an den zahlreichen Events auf dem Turm teilzunehmen.<\/p>\n<\/div><\/section><\/p><\/div>\n<style type=\"text\/css\" data-created_by=\"avia_inline_auto\" id=\"style-css-av-av_one_third-6126cab7d8fab8d08143dd2dacdf673c\">\n.flex_column.av-av_one_third-6126cab7d8fab8d08143dd2dacdf673c{\nborder-radius:0px 0px 0px 0px;\npadding:0px 0px 0px 0px;\n}\n<\/style>\n<div  class='flex_column av-av_one_third-6126cab7d8fab8d08143dd2dacdf673c av_one_third  avia-builder-el-13  el_after_av_one_third  el_before_av_two_third  first flex_column_div av-zero-column-padding  column-top-margin'     ><style type=\"text\/css\" data-created_by=\"avia_inline_auto\" id=\"style-css-av-av_image-daf0e65685a3b2ef0a309d05803ec62f\">\n.avia-image-container.av-av_image-daf0e65685a3b2ef0a309d05803ec62f img.avia_image{\nbox-shadow:none;\n}\n.avia-image-container.av-av_image-daf0e65685a3b2ef0a309d05803ec62f .av-image-caption-overlay-center{\ncolor:#ffffff;\n}\n<\/style>\n<div  class='avia-image-container av-av_image-daf0e65685a3b2ef0a309d05803ec62f av-styling- av-hover-grow avia-align-center  avia-builder-el-14  avia-builder-el-no-sibling '   itemprop=\"image\" itemscope=\"itemscope\" itemtype=\"https:\/\/schema.org\/ImageObject\" ><div class=\"avia-image-container-inner\"><div class=\"avia-image-overlay-wrap\"><img decoding=\"async\" fetchpriority=\"high\" class='wp-image-2139 avia-img-lazy-loading-not-2139 avia_image ' src=\"https:\/\/www.torredeilamberti.it\/wp-content\/uploads\/R_UD0169-180x180.jpg\" alt='' title='Brindisi Torre dei Lamberti'  height=\"180\" width=\"180\"  itemprop=\"thumbnailUrl\" srcset=\"https:\/\/www.torredeilamberti.it\/wp-content\/uploads\/R_UD0169-180x180.jpg 180w, https:\/\/www.torredeilamberti.it\/wp-content\/uploads\/R_UD0169-80x80.jpg 80w, https:\/\/www.torredeilamberti.it\/wp-content\/uploads\/R_UD0169-36x36.jpg 36w, https:\/\/www.torredeilamberti.it\/wp-content\/uploads\/R_UD0169-120x120.jpg 120w, https:\/\/www.torredeilamberti.it\/wp-content\/uploads\/R_UD0169-450x450.jpg 450w\" sizes=\"(max-width: 180px) 100vw, 180px\" \/><\/div><\/div><\/div><\/div>\n<style type=\"text\/css\" data-created_by=\"avia_inline_auto\" id=\"style-css-av-av_two_third-0aa7055fe62c3622faec82866afbaeb2\">\n.flex_column.av-av_two_third-0aa7055fe62c3622faec82866afbaeb2{\nborder-radius:0px 0px 0px 0px;\npadding:0px 0px 0px 0px;\n}\n<\/style>\n<div  class='flex_column av-av_two_third-0aa7055fe62c3622faec82866afbaeb2 av_two_third  avia-builder-el-15  el_after_av_one_third  avia-builder-el-last  flex_column_div av-zero-column-padding  column-top-margin'     ><section  class='av_textblock_section av-av_textblock-0366cc7376be6c9e82a3e9cc8987b64f '   itemscope=\"itemscope\" itemtype=\"https:\/\/schema.org\/CreativeWork\" ><div class='avia_textblock'  itemprop=\"text\" ><h3 style=\"text-align: left;\"><span style=\"text-decoration: underline;\">Events auf dem Turm<\/span>: eine Location hoch \u00fcber allem.<\/h3>\n<p>Ein exklusiver Ort f\u00fcr Ihre G\u00e4ste im h\u00f6chsten Baudenkmal der Stadt. Was vielleicht nicht alle wissen, k\u00f6nnen auf dem Turm Torre dei Lamberti Events mit spektakul\u00e4rem Ausblick auf die Stadt organisiert werden.<br \/>\nKontaktieren Sie uns unter <a href=\"mailto:eventi@torredeilamberti.it\">eventi@torredeilamberti.it<\/a> um weitere Infos zu erhalten und sich die Location hoch \u00fcber der Stadt bereits jetzt zu sichern.<\/p>\n<\/div><\/section><\/div><\/div><\/div><\/div><!-- close content main div --><\/div><\/div><\/div>\n<style type=\"text\/css\" data-created_by=\"avia_inline_auto\" id=\"style-css-av-av_section-3341fd26b57c46587276341790519d67\">\n.avia-section.av-av_section-3341fd26b57c46587276341790519d67{\nbackground-color:#f8f8f8;\nbackground-image:unset;\n}\n<\/style>\n<div id='av_section_2'  class='avia-section av-av_section-3341fd26b57c46587276341790519d67 main_color avia-section-default avia-no-border-styling  avia-builder-el-17  el_after_av_section  avia-builder-el-last  avia-bg-style-parallax av-minimum-height av-minimum-height-50 av-height-50  container_wrap fullsize'   data-av_minimum_height_pc='50' data-av_min_height_opt='50'><div class='container av-section-cont-open' ><div class='template-page content  av-content-full alpha units'><div class='post-entry post-entry-type-page post-entry-1261'><div class='entry-content-wrapper clearfix'>\n\n<style type=\"text\/css\" data-created_by=\"avia_inline_auto\" id=\"style-css-av-av_hr-0688d0b0b6ed2f8b057db7a8270206df\">\n#top .hr.hr-invisible.av-av_hr-0688d0b0b6ed2f8b057db7a8270206df{\nheight:50px;\n}\n<\/style>\n<div  class='hr av-av_hr-0688d0b0b6ed2f8b057db7a8270206df hr-invisible  avia-builder-el-18  el_before_av_one_third  avia-builder-el-first '><span class='hr-inner '><span class=\"hr-inner-style\"><\/span><\/span><\/div>\n\n<style type=\"text\/css\" data-created_by=\"avia_inline_auto\" id=\"style-css-av-av_one_third-52458b446b575ecc80392f6d03af8987\">\n.flex_column.av-av_one_third-52458b446b575ecc80392f6d03af8987{\nborder-radius:0px 0px 0px 0px;\npadding:0 10px 10px 10px;\n}\n<\/style>\n<div  class='flex_column av-av_one_third-52458b446b575ecc80392f6d03af8987 av_one_third  avia-builder-el-19  el_after_av_hr  el_before_av_one_third  first flex_column_div  '     ><p>\n<style type=\"text\/css\" data-created_by=\"avia_inline_auto\" id=\"style-css-av-av_heading-c4a74805cc41d1a1abc08bfe5ee3f028\">\n#top .av-special-heading.av-av_heading-c4a74805cc41d1a1abc08bfe5ee3f028{\npadding-bottom:10px;\n}\nbody .av-special-heading.av-av_heading-c4a74805cc41d1a1abc08bfe5ee3f028 .av-special-heading-tag .heading-char{\nfont-size:25px;\n}\n.av-special-heading.av-av_heading-c4a74805cc41d1a1abc08bfe5ee3f028 .av-subheading{\nfont-size:15px;\n}\n<\/style>\n<div  class='av-special-heading av-av_heading-c4a74805cc41d1a1abc08bfe5ee3f028 av-special-heading-h1 blockquote modern-quote  avia-builder-el-20  el_before_av_hr  avia-builder-el-first '><h1 class='av-special-heading-tag '  itemprop=\"headline\"  >Aperintorre<\/h1><div class=\"special-heading-border\"><div class=\"special-heading-inner-border\"><\/div><\/div><\/div><br \/>\n\n<style type=\"text\/css\" data-created_by=\"avia_inline_auto\" id=\"style-css-av-av_hr-4e700ce148bf0745469c99b99aa479c3\">\n#top .hr.hr-invisible.av-av_hr-4e700ce148bf0745469c99b99aa479c3{\nheight:20px;\n}\n<\/style>\n<div  class='hr av-av_hr-4e700ce148bf0745469c99b99aa479c3 hr-invisible  avia-builder-el-21  el_after_av_heading  el_before_av_codeblock '><span class='hr-inner '><span class=\"hr-inner-style\"><\/span><\/span><\/div><br \/>\n<\/p><\/div>\n<style type=\"text\/css\" data-created_by=\"avia_inline_auto\" id=\"style-css-av-av_one_third-2aeecaa6d9e1396601a9d035d919ef51\">\n.flex_column.av-av_one_third-2aeecaa6d9e1396601a9d035d919ef51{\nborder-radius:0px 0px 0px 0px;\npadding:0 10px 10px 10px;\n}\n<\/style>\n<div  class='flex_column av-av_one_third-2aeecaa6d9e1396601a9d035d919ef51 av_one_third  avia-builder-el-23  el_after_av_one_third  el_before_av_one_third  flex_column_div  '     ><p>\n<style type=\"text\/css\" data-created_by=\"avia_inline_auto\" id=\"style-css-av-av_heading-191948fd33c1238ed5422f3294696890\">\n#top .av-special-heading.av-av_heading-191948fd33c1238ed5422f3294696890{\npadding-bottom:10px;\n}\nbody .av-special-heading.av-av_heading-191948fd33c1238ed5422f3294696890 .av-special-heading-tag .heading-char{\nfont-size:25px;\n}\n.av-special-heading.av-av_heading-191948fd33c1238ed5422f3294696890 .av-subheading{\nfont-size:15px;\n}\n<\/style>\n<div  class='av-special-heading av-av_heading-191948fd33c1238ed5422f3294696890 av-special-heading-h1 blockquote modern-quote  avia-builder-el-24  el_before_av_hr  avia-builder-el-first '><h1 class='av-special-heading-tag '  itemprop=\"headline\"  >Torreventi<\/h1><div class=\"special-heading-border\"><div class=\"special-heading-inner-border\"><\/div><\/div><\/div><br \/>\n\n<style type=\"text\/css\" data-created_by=\"avia_inline_auto\" id=\"style-css-av-av_hr-4e700ce148bf0745469c99b99aa479c3\">\n#top .hr.hr-invisible.av-av_hr-4e700ce148bf0745469c99b99aa479c3{\nheight:20px;\n}\n<\/style>\n<div  class='hr av-av_hr-4e700ce148bf0745469c99b99aa479c3 hr-invisible  avia-builder-el-25  el_after_av_heading  el_before_av_codeblock '><span class='hr-inner '><span class=\"hr-inner-style\"><\/span><\/span><\/div><br \/>\n<\/p><\/div>\n<style type=\"text\/css\" data-created_by=\"avia_inline_auto\" id=\"style-css-av-av_one_third-2aeecaa6d9e1396601a9d035d919ef51\">\n.flex_column.av-av_one_third-2aeecaa6d9e1396601a9d035d919ef51{\nborder-radius:0px 0px 0px 0px;\npadding:0 10px 10px 10px;\n}\n<\/style>\n<div  class='flex_column av-av_one_third-2aeecaa6d9e1396601a9d035d919ef51 av_one_third  avia-builder-el-27  el_after_av_one_third  avia-builder-el-last  flex_column_div  '     ><p>\n<style type=\"text\/css\" data-created_by=\"avia_inline_auto\" id=\"style-css-av-av_heading-6ba3d3540ce5706f9f166c30a267d476\">\n#top .av-special-heading.av-av_heading-6ba3d3540ce5706f9f166c30a267d476{\npadding-bottom:10px;\n}\nbody .av-special-heading.av-av_heading-6ba3d3540ce5706f9f166c30a267d476 .av-special-heading-tag .heading-char{\nfont-size:25px;\n}\n.av-special-heading.av-av_heading-6ba3d3540ce5706f9f166c30a267d476 .av-subheading{\nfont-size:15px;\n}\n<\/style>\n<div  class='av-special-heading av-av_heading-6ba3d3540ce5706f9f166c30a267d476 av-special-heading-h1 blockquote modern-quote  avia-builder-el-28  el_before_av_hr  avia-builder-el-first '><h1 class='av-special-heading-tag '  itemprop=\"headline\"  >Verona<\/h1><div class=\"special-heading-border\"><div class=\"special-heading-inner-border\"><\/div><\/div><\/div><br \/>\n\n<style type=\"text\/css\" data-created_by=\"avia_inline_auto\" id=\"style-css-av-av_hr-4e700ce148bf0745469c99b99aa479c3\">\n#top .hr.hr-invisible.av-av_hr-4e700ce148bf0745469c99b99aa479c3{\nheight:20px;\n}\n<\/style>\n<div  class='hr av-av_hr-4e700ce148bf0745469c99b99aa479c3 hr-invisible  avia-builder-el-29  el_after_av_heading  el_before_av_codeblock '><span class='hr-inner '><span class=\"hr-inner-style\"><\/span><\/span><\/div><br \/>\n<\/p><\/div>\n<\/p>\n","protected":false},"excerpt":{"rendered":"","protected":false},"author":1,"featured_media":0,"parent":0,"menu_order":0,"comment_status":"open","ping_status":"open","template":"","meta":{"footnotes":""},"class_list":["post-1261","page","type-page","status-publish","hentry"],"_links":{"self":[{"href":"https:\/\/www.torredeilamberti.it\/de\/wp-json\/wp\/v2\/pages\/1261","targetHints":{"allow":["GET"]}}],"collection":[{"href":"https:\/\/www.torredeilamberti.it\/de\/wp-json\/wp\/v2\/pages"}],"about":[{"href":"https:\/\/www.torredeilamberti.it\/de\/wp-json\/wp\/v2\/types\/page"}],"author":[{"embeddable":true,"href":"https:\/\/www.torredeilamberti.it\/de\/wp-json\/wp\/v2\/users\/1"}],"replies":[{"embeddable":true,"href":"https:\/\/www.torredeilamberti.it\/de\/wp-json\/wp\/v2\/comments?post=1261"}],"version-history":[{"count":8,"href":"https:\/\/www.torredeilamberti.it\/de\/wp-json\/wp\/v2\/pages\/1261\/revisions"}],"predecessor-version":[{"id":4213,"href":"https:\/\/www.torredeilamberti.it\/de\/wp-json\/wp\/v2\/pages\/1261\/revisions\/4213"}],"wp:attachment":[{"href":"https:\/\/www.torredeilamberti.it\/de\/wp-json\/wp\/v2\/media?parent=1261"}],"curies":[{"name":"wp","href":"https:\/\/api.w.org\/{rel}","templated":true}]}}