{"id":1265,"date":"2015-02-22T20:08:56","date_gmt":"2015-02-22T20:08:56","guid":{"rendered":"http:\/\/torredeilamberti.it\/business\/?lang=de"},"modified":"2025-02-21T15:48:43","modified_gmt":"2025-02-21T14:48:43","slug":"business","status":"publish","type":"page","link":"https:\/\/www.torredeilamberti.it\/de\/business\/","title":{"rendered":"Business"},"content":{"rendered":"<p><div id='full_slider_1'  class='avia-fullwidth-slider main_color avia-shadow   avia-builder-el-0  el_before_av_section  avia-builder-el-first   container_wrap fullsize'  >\n<style type=\"text\/css\" data-created_by=\"avia_inline_auto\" id=\"style-css-av-av_slideshow_full-d232127d8c461a24a6ee67c7f01c1f21\">\n#top #wrap_all .avia-slideshow .av-slideshow-caption.av-av_slideshow_full-d232127d8c461a24a6ee67c7f01c1f21__0 .avia-caption-title{\nfont-size:40px;\n}\n#top .avia-slideshow .av-slideshow-caption.av-av_slideshow_full-d232127d8c461a24a6ee67c7f01c1f21__0 .avia-caption-content{\nfont-size:30px;\n}\n#top .avia-slideshow .av-slideshow-caption.av-av_slideshow_full-d232127d8c461a24a6ee67c7f01c1f21__0 .avia-caption-content p{\nfont-size:30px;\n}\n<\/style>\n<div  class='avia-slideshow av-av_slideshow_full-d232127d8c461a24a6ee67c7f01c1f21 avia-slideshow-featured av_slideshow_full avia-slide-slider av-slideshow-ui av-control-default av-slideshow-manual av-loop-once av-loop-manual-endless av-default-height-applied   avia-slideshow-1' data-slideshow-options=\"{&quot;animation&quot;:&quot;slide&quot;,&quot;autoplay&quot;:false,&quot;loop_autoplay&quot;:&quot;once&quot;,&quot;interval&quot;:5,&quot;loop_manual&quot;:&quot;manual-endless&quot;,&quot;autoplay_stopper&quot;:false,&quot;noNavigation&quot;:false,&quot;bg_slider&quot;:false,&quot;keep_padding&quot;:false,&quot;hoverpause&quot;:false,&quot;show_slide_delay&quot;:0}\"  itemprop=\"image\" itemscope=\"itemscope\" itemtype=\"https:\/\/schema.org\/ImageObject\" ><ul class='avia-slideshow-inner ' style='padding-bottom: 28.666666666667%;'><li  class='avia-slideshow-slide av-av_slideshow_full-d232127d8c461a24a6ee67c7f01c1f21__0  av-single-slide slide-1 slide-odd'><div data-rel='slideshow-1' class='avia-slide-wrap '   ><img decoding=\"async\" fetchpriority=\"high\" class=\"wp-image-2179 avia-img-lazy-loading-not-2179\"  src=\"https:\/\/www.torredeilamberti.it\/wp-content\/uploads\/piazza-dante344-1500x430.jpg\" width=\"1500\" height=\"430\" title='Piazza Dante Verona' alt=''  itemprop=\"thumbnailUrl\"   \/><\/div><\/li><\/ul><div class='av-slideshow-caption av-av_slideshow_full-d232127d8c461a24a6ee67c7f01c1f21__0 caption_fullwidth caption_left'><div class=\"container caption_container\"><div class=\"slideshow_caption\"><div class=\"slideshow_inner_caption\"><div class=\"slideshow_align_caption\"><h2 class='avia-caption-title '  itemprop=\"name\" >Ein ungew\u00f6hnlicher Partner<br \/>f\u00fcr Ihr Unternehmen.<\/h2><\/div><\/div><\/div><\/div><\/div><\/div><\/div> <div id='av_section_1'  class='avia-section av-av_section-32d654e3ee37f5b6f7dbef6c2b96cadd main_color avia-section-default avia-no-border-styling  avia-builder-el-1  el_after_av_slideshow_full  el_before_av_section  avia-bg-style-parallax container_wrap fullsize'  ><div class='container av-section-cont-open' ><div class='template-page content  av-content-full alpha units'><div class='post-entry post-entry-type-page post-entry-1265'><div class='entry-content-wrapper clearfix'> \n<style type=\"text\/css\" data-created_by=\"avia_inline_auto\" id=\"style-css-av-av_one_fourth-6126cab7d8fab8d08143dd2dacdf673c\">\n.flex_column.av-av_one_fourth-6126cab7d8fab8d08143dd2dacdf673c{\nborder-radius:0px 0px 0px 0px;\npadding:0px 0px 0px 0px;\n}\n<\/style>\n<div  class='flex_column av-av_one_fourth-6126cab7d8fab8d08143dd2dacdf673c av_one_fourth  avia-builder-el-2  el_before_av_one_fourth  avia-builder-el-first  first flex_column_div av-zero-column-padding  '     ><p> \n<style type=\"text\/css\" data-created_by=\"avia_inline_auto\" id=\"style-css-av-av_font_icon-b50bc8a4317e92acb917cc51b57fc835\">\n.av_font_icon.av-av_font_icon-b50bc8a4317e92acb917cc51b57fc835{\ncolor:#c5baae;\nborder-color:#c5baae;\n}\n.avia-svg-icon.av-av_font_icon-b50bc8a4317e92acb917cc51b57fc835 svg:first-child{\nstroke:#c5baae;\nfill:#c5baae;\n}\n.av_font_icon.av-av_font_icon-b50bc8a4317e92acb917cc51b57fc835 .av-icon-char{\nfont-size:60px;\nline-height:60px;\n}\n<\/style>\n<span  class='av_font_icon av-av_font_icon-b50bc8a4317e92acb917cc51b57fc835 avia_animate_when_visible av-icon-style- avia-icon-pos-center avia-iconfont avia-font-entypo-fontello avia-icon-animate'><span class='av-icon-char' data-av_icon='\ue841' data-av_iconfont='entypo-fontello' aria-hidden=\"true\" ><\/span><\/span> \n<style type=\"text\/css\" data-created_by=\"avia_inline_auto\" id=\"style-css-av-av_heading-8b2a052f0df3e724b3985a9a2c7ea851\">\n#top .av-special-heading.av-av_heading-8b2a052f0df3e724b3985a9a2c7ea851{\npadding-bottom:10px;\nfont-size:30px;\n}\nbody .av-special-heading.av-av_heading-8b2a052f0df3e724b3985a9a2c7ea851 .av-special-heading-tag .heading-char{\nfont-size:25px;\n}\n#top #wrap_all .av-special-heading.av-av_heading-8b2a052f0df3e724b3985a9a2c7ea851 .av-special-heading-tag{\nfont-size:30px;\n}\n.av-special-heading.av-av_heading-8b2a052f0df3e724b3985a9a2c7ea851 .av-subheading{\nfont-size:15px;\n}\n\n@media only screen and (min-width: 480px) and (max-width: 767px){ \n#top #wrap_all .av-special-heading.av-av_heading-8b2a052f0df3e724b3985a9a2c7ea851 .av-special-heading-tag{\nfont-size:0.8em;\n}\n}\n\n@media only screen and (max-width: 479px){ \n#top #wrap_all .av-special-heading.av-av_heading-8b2a052f0df3e724b3985a9a2c7ea851 .av-special-heading-tag{\nfont-size:0.8em;\n}\n}\n<\/style>\n<div  class='av-special-heading av-av_heading-8b2a052f0df3e724b3985a9a2c7ea851 av-special-heading-h1 blockquote modern-quote modern-centered  avia-builder-el-4  el_after_av_font_icon  avia-builder-el-last  av-inherit-size'><h1 class='av-special-heading-tag '  itemprop=\"headline\"  >Comarketing<\/h1><div class=\"special-heading-border\"><div class=\"special-heading-inner-border\"><\/div><\/div><\/div> <\/p><\/div>\n<style type=\"text\/css\" data-created_by=\"avia_inline_auto\" id=\"style-css-av-av_one_fourth-0aa7055fe62c3622faec82866afbaeb2\">\n.flex_column.av-av_one_fourth-0aa7055fe62c3622faec82866afbaeb2{\nborder-radius:0px 0px 0px 0px;\npadding:0px 0px 0px 0px;\n}\n<\/style>\n<div  class='flex_column av-av_one_fourth-0aa7055fe62c3622faec82866afbaeb2 av_one_fourth  avia-builder-el-5  el_after_av_one_fourth  el_before_av_one_fourth  flex_column_div av-zero-column-padding  '     ><p> \n<style type=\"text\/css\" data-created_by=\"avia_inline_auto\" id=\"style-css-av-av_font_icon-7f32c04f98f319b6206cb7047c50811e\">\n.av_font_icon.av-av_font_icon-7f32c04f98f319b6206cb7047c50811e{\ncolor:#c5baae;\nborder-color:#c5baae;\n}\n.avia-svg-icon.av-av_font_icon-7f32c04f98f319b6206cb7047c50811e svg:first-child{\nstroke:#c5baae;\nfill:#c5baae;\n}\n.av_font_icon.av-av_font_icon-7f32c04f98f319b6206cb7047c50811e .av-icon-char{\nfont-size:60px;\nline-height:60px;\n}\n<\/style>\n<span  class='av_font_icon av-av_font_icon-7f32c04f98f319b6206cb7047c50811e avia_animate_when_visible av-icon-style- avia-icon-pos-center avia-iconfont avia-font-entypo-fontello avia-icon-animate'><span class='av-icon-char' data-av_icon='\ue8bc' data-av_iconfont='entypo-fontello' aria-hidden=\"true\" ><\/span><\/span> \n<style type=\"text\/css\" data-created_by=\"avia_inline_auto\" id=\"style-css-av-av_heading-5b76d2ed67a5afc388eaea348b78d0f6\">\n#top .av-special-heading.av-av_heading-5b76d2ed67a5afc388eaea348b78d0f6{\npadding-bottom:10px;\nfont-size:30px;\n}\nbody .av-special-heading.av-av_heading-5b76d2ed67a5afc388eaea348b78d0f6 .av-special-heading-tag .heading-char{\nfont-size:25px;\n}\n#top #wrap_all .av-special-heading.av-av_heading-5b76d2ed67a5afc388eaea348b78d0f6 .av-special-heading-tag{\nfont-size:30px;\n}\n.av-special-heading.av-av_heading-5b76d2ed67a5afc388eaea348b78d0f6 .av-subheading{\nfont-size:15px;\n}\n\n@media only screen and (min-width: 480px) and (max-width: 767px){ \n#top #wrap_all .av-special-heading.av-av_heading-5b76d2ed67a5afc388eaea348b78d0f6 .av-special-heading-tag{\nfont-size:0.8em;\n}\n}\n\n@media only screen and (max-width: 479px){ \n#top #wrap_all .av-special-heading.av-av_heading-5b76d2ed67a5afc388eaea348b78d0f6 .av-special-heading-tag{\nfont-size:0.8em;\n}\n}\n<\/style>\n<div  class='av-special-heading av-av_heading-5b76d2ed67a5afc388eaea348b78d0f6 av-special-heading-h1 blockquote modern-quote modern-centered  avia-builder-el-7  el_after_av_font_icon  avia-builder-el-last  av-inherit-size'><h1 class='av-special-heading-tag '  itemprop=\"headline\"  >B2B Events<\/h1><div class=\"special-heading-border\"><div class=\"special-heading-inner-border\"><\/div><\/div><\/div> <\/p><\/div>\n<style type=\"text\/css\" data-created_by=\"avia_inline_auto\" id=\"style-css-av-av_one_fourth-0aa7055fe62c3622faec82866afbaeb2\">\n.flex_column.av-av_one_fourth-0aa7055fe62c3622faec82866afbaeb2{\nborder-radius:0px 0px 0px 0px;\npadding:0px 0px 0px 0px;\n}\n<\/style>\n<div  class='flex_column av-av_one_fourth-0aa7055fe62c3622faec82866afbaeb2 av_one_fourth  avia-builder-el-8  el_after_av_one_fourth  el_before_av_one_fourth  flex_column_div av-zero-column-padding  '     ><p> \n<style type=\"text\/css\" data-created_by=\"avia_inline_auto\" id=\"style-css-av-av_font_icon-859b308746ca976c0b9010b9060b9b92\">\n.av_font_icon.av-av_font_icon-859b308746ca976c0b9010b9060b9b92{\ncolor:#c5baae;\nborder-color:#c5baae;\n}\n.avia-svg-icon.av-av_font_icon-859b308746ca976c0b9010b9060b9b92 svg:first-child{\nstroke:#c5baae;\nfill:#c5baae;\n}\n.av_font_icon.av-av_font_icon-859b308746ca976c0b9010b9060b9b92 .av-icon-char{\nfont-size:60px;\nline-height:60px;\n}\n<\/style>\n<span  class='av_font_icon av-av_font_icon-859b308746ca976c0b9010b9060b9b92 avia_animate_when_visible av-icon-style- avia-icon-pos-center avia-iconfont avia-font-entypo-fontello avia-icon-animate'><span class='av-icon-char' data-av_icon='\ue842' data-av_iconfont='entypo-fontello' aria-hidden=\"true\" ><\/span><\/span> \n<style type=\"text\/css\" data-created_by=\"avia_inline_auto\" id=\"style-css-av-av_heading-9dee6050cd5e79c5293afcba4e61b8a5\">\n#top .av-special-heading.av-av_heading-9dee6050cd5e79c5293afcba4e61b8a5{\npadding-bottom:10px;\nfont-size:30px;\n}\nbody .av-special-heading.av-av_heading-9dee6050cd5e79c5293afcba4e61b8a5 .av-special-heading-tag .heading-char{\nfont-size:25px;\n}\n#top #wrap_all .av-special-heading.av-av_heading-9dee6050cd5e79c5293afcba4e61b8a5 .av-special-heading-tag{\nfont-size:30px;\n}\n.av-special-heading.av-av_heading-9dee6050cd5e79c5293afcba4e61b8a5 .av-subheading{\nfont-size:15px;\n}\n\n@media only screen and (min-width: 480px) and (max-width: 767px){ \n#top #wrap_all .av-special-heading.av-av_heading-9dee6050cd5e79c5293afcba4e61b8a5 .av-special-heading-tag{\nfont-size:0.8em;\n}\n}\n\n@media only screen and (max-width: 479px){ \n#top #wrap_all .av-special-heading.av-av_heading-9dee6050cd5e79c5293afcba4e61b8a5 .av-special-heading-tag{\nfont-size:0.8em;\n}\n}\n<\/style>\n<div  class='av-special-heading av-av_heading-9dee6050cd5e79c5293afcba4e61b8a5 av-special-heading-h1 blockquote modern-quote modern-centered  avia-builder-el-10  el_after_av_font_icon  avia-builder-el-last  av-inherit-size'><h1 class='av-special-heading-tag '  itemprop=\"headline\"  >Location<\/h1><div class=\"special-heading-border\"><div class=\"special-heading-inner-border\"><\/div><\/div><\/div> <\/p><\/div>\n<style type=\"text\/css\" data-created_by=\"avia_inline_auto\" id=\"style-css-av-av_one_fourth-0aa7055fe62c3622faec82866afbaeb2\">\n.flex_column.av-av_one_fourth-0aa7055fe62c3622faec82866afbaeb2{\nborder-radius:0px 0px 0px 0px;\npadding:0px 0px 0px 0px;\n}\n<\/style>\n<div  class='flex_column av-av_one_fourth-0aa7055fe62c3622faec82866afbaeb2 av_one_fourth  avia-builder-el-11  el_after_av_one_fourth  avia-builder-el-last  flex_column_div av-zero-column-padding  '     ><p> \n<style type=\"text\/css\" data-created_by=\"avia_inline_auto\" id=\"style-css-av-av_font_icon-8cbc7dbac6fc64f6e0dd10327c21b60f\">\n.av_font_icon.av-av_font_icon-8cbc7dbac6fc64f6e0dd10327c21b60f{\ncolor:#c5baae;\nborder-color:#c5baae;\n}\n.avia-svg-icon.av-av_font_icon-8cbc7dbac6fc64f6e0dd10327c21b60f svg:first-child{\nstroke:#c5baae;\nfill:#c5baae;\n}\n.av_font_icon.av-av_font_icon-8cbc7dbac6fc64f6e0dd10327c21b60f .av-icon-char{\nfont-size:60px;\nline-height:60px;\n}\n<\/style>\n<span  class='av_font_icon av-av_font_icon-8cbc7dbac6fc64f6e0dd10327c21b60f avia_animate_when_visible av-icon-style- avia-icon-pos-center avia-iconfont avia-font-entypo-fontello avia-icon-animate'><span class='av-icon-char' data-av_icon='\ue806' data-av_iconfont='entypo-fontello' aria-hidden=\"true\" ><\/span><\/span> \n<style type=\"text\/css\" data-created_by=\"avia_inline_auto\" id=\"style-css-av-av_heading-32e2c3089be31e74884a7fb70d6cef8f\">\n#top .av-special-heading.av-av_heading-32e2c3089be31e74884a7fb70d6cef8f{\npadding-bottom:10px;\nfont-size:30px;\n}\nbody .av-special-heading.av-av_heading-32e2c3089be31e74884a7fb70d6cef8f .av-special-heading-tag .heading-char{\nfont-size:25px;\n}\n#top #wrap_all .av-special-heading.av-av_heading-32e2c3089be31e74884a7fb70d6cef8f .av-special-heading-tag{\nfont-size:30px;\n}\n.av-special-heading.av-av_heading-32e2c3089be31e74884a7fb70d6cef8f .av-subheading{\nfont-size:15px;\n}\n\n@media only screen and (min-width: 480px) and (max-width: 767px){ \n#top #wrap_all .av-special-heading.av-av_heading-32e2c3089be31e74884a7fb70d6cef8f .av-special-heading-tag{\nfont-size:0.8em;\n}\n}\n\n@media only screen and (max-width: 479px){ \n#top #wrap_all .av-special-heading.av-av_heading-32e2c3089be31e74884a7fb70d6cef8f .av-special-heading-tag{\nfont-size:0.8em;\n}\n}\n<\/style>\n<div  class='av-special-heading av-av_heading-32e2c3089be31e74884a7fb70d6cef8f av-special-heading-h1 blockquote modern-quote modern-centered  avia-builder-el-13  el_after_av_font_icon  avia-builder-el-last  av-inherit-size'><h1 class='av-special-heading-tag '  itemprop=\"headline\"  >Partnership<\/h1><div class=\"special-heading-border\"><div class=\"special-heading-inner-border\"><\/div><\/div><\/div> <\/p><\/div>  <\/div><\/div><\/div><!-- close content main div --><\/div><\/div>\n<style type=\"text\/css\" data-created_by=\"avia_inline_auto\" id=\"style-css-av-av_section-35c02f6e72a6a9fcefa36ef23702c6dd\">\n.avia-section.av-av_section-35c02f6e72a6a9fcefa36ef23702c6dd .av-parallax .av-parallax-inner{\nbackground-repeat:no-repeat;\nbackground-image:url(https:\/\/www.torredeilamberti.it\/wp-content\/uploads\/R_UD8898-1500x1000.jpg);\nbackground-position:0% 50%;\nbackground-attachment:scroll;\n}\n.avia-section.av-av_section-35c02f6e72a6a9fcefa36ef23702c6dd .av-section-color-overlay{\nopacity:0.3;\nbackground-color:#ffffff;\n}\n<\/style>\n<div id='av_section_2'  class='avia-section av-av_section-35c02f6e72a6a9fcefa36ef23702c6dd main_color avia-section-huge avia-no-border-styling  avia-builder-el-14  el_after_av_section  avia-builder-el-last  avia-full-stretch av-parallax-section avia-bg-style-parallax av-section-color-overlay-active av-minimum-height av-minimum-height-75 av-height-75  container_wrap fullsize'  data-section-bg-repeat='stretch' data-av_minimum_height_pc='75' data-av_min_height_opt='75'><div class='av-parallax' data-avia-parallax-ratio='0.3' ><div class='av-parallax-inner main_color avia-full-stretch'><\/div><\/div><div class=\"av-section-color-overlay-wrap\"><div class=\"av-section-color-overlay\"><\/div><div class='container av-section-cont-open' ><div class='template-page content  av-content-full alpha units'><div class='post-entry post-entry-type-page post-entry-1265'><div class='entry-content-wrapper clearfix'> \n<style type=\"text\/css\" data-created_by=\"avia_inline_auto\" id=\"style-css-av-av_three_fifth-6126cab7d8fab8d08143dd2dacdf673c\">\n.flex_column.av-av_three_fifth-6126cab7d8fab8d08143dd2dacdf673c{\nborder-radius:0px 0px 0px 0px;\npadding:0px 0px 0px 0px;\n}\n<\/style>\n<div  class='flex_column av-av_three_fifth-6126cab7d8fab8d08143dd2dacdf673c av_three_fifth  avia-builder-el-15  el_before_av_two_fifth  avia-builder-el-first  first flex_column_div av-zero-column-padding  '     ><p> \n<style type=\"text\/css\" data-created_by=\"avia_inline_auto\" id=\"style-css-av-av_heading-f8a9c721cfb889161292469f951f52aa\">\n#top .av-special-heading.av-av_heading-f8a9c721cfb889161292469f951f52aa{\npadding-bottom:40px;\nfont-size:34px;\n}\nbody .av-special-heading.av-av_heading-f8a9c721cfb889161292469f951f52aa .av-special-heading-tag .heading-char{\nfont-size:25px;\n}\n#top #wrap_all .av-special-heading.av-av_heading-f8a9c721cfb889161292469f951f52aa .av-special-heading-tag{\nfont-size:34px;\n}\n.av-special-heading.av-av_heading-f8a9c721cfb889161292469f951f52aa .av-subheading{\nfont-size:15px;\n}\n\n@media only screen and (min-width: 480px) and (max-width: 767px){ \n#top #wrap_all .av-special-heading.av-av_heading-f8a9c721cfb889161292469f951f52aa .av-special-heading-tag{\nfont-size:0.8em;\n}\n}\n\n@media only screen and (max-width: 479px){ \n#top #wrap_all .av-special-heading.av-av_heading-f8a9c721cfb889161292469f951f52aa .av-special-heading-tag{\nfont-size:0.8em;\n}\n}\n<\/style>\n<div  class='av-special-heading av-av_heading-f8a9c721cfb889161292469f951f52aa av-special-heading-h1 blockquote modern-quote  avia-builder-el-16  el_before_av_textblock  avia-builder-el-first  av-thin-font av-inherit-size'><h1 class='av-special-heading-tag '  itemprop=\"headline\"  >Ein einzigartiger Turm f\u00fcr Ihre Events hoch \u00fcber den <strong>D\u00e4chern Veronas<\/strong>.<\/h1><div class=\"special-heading-border\"><div class=\"special-heading-inner-border\"><\/div><\/div><\/div> <section  class='av_textblock_section av-av_textblock-0366cc7376be6c9e82a3e9cc8987b64f '   itemscope=\"itemscope\" itemtype=\"https:\/\/schema.org\/CreativeWork\" ><div class='avia_textblock'  itemprop=\"text\" ><p> Der Turm <strong>Torre dei Lamberti<\/strong> ist bestimmt eines der ber\u00fchmtesten historischen Baudenkm\u00e4ler Veronas, aber nicht nur das. Dank der Leitung durch die <strong>AGEC Ristorazione &#8211; Eventi<\/strong> ist der im 13. Jahrhundert erbaute Turm nicht nur Ausflugsziel f\u00fcr Touristen, sondern auch eine au\u00dfergew\u00f6hnliche Location f\u00fcr Firmenanl\u00e4sse. Die M\u00f6glichkeiten sind wirklich sehr breit gef\u00e4chert: Der Turm Torre dei Lamberti kann zu einem wichtigen Partner Ihres Unternehmens werden, indem er auf originelle und einzigartige Weise mit exklusiven Veranstaltungen, atemberaubenden Fotoshootings f\u00fcr unvergessliche Events Ihrer Firma sorgt. <\/p>\n<\/div><\/section> <section  class='av_textblock_section av-av_textblock-0366cc7376be6c9e82a3e9cc8987b64f '   itemscope=\"itemscope\" itemtype=\"https:\/\/schema.org\/CreativeWork\" ><div class='avia_textblock'  itemprop=\"text\" ><p> F\u00fcr detaillierte Infos kontaktieren Sie uns unter: (indem Sie uns schreiben <a href=\"mailto:eventi@torredeilamberti.it\">eventi@torredeilamberti.it<\/a> oder anrufen <a href=\"tel:+39 0459273027\">+39 045 927 3027<\/a>). <\/p>\n<\/div><\/section> <div  class='avia-slideshow av-khxbnl5v-836e42ed609e1a0d6a2b95f97fb28420 avia-slideshow-featured_large av_slideshow avia-slide-slider  avia-builder-el-19  el_after_av_textblock  avia-builder-el-last  av-slideshow-ui av-control-default av-slideshow-manual av-loop-once av-loop-manual-endless av-default-height-applied avia-slideshow-2' data-slideshow-options=\"{&quot;animation&quot;:&quot;slide&quot;,&quot;autoplay&quot;:false,&quot;loop_autoplay&quot;:&quot;once&quot;,&quot;interval&quot;:5,&quot;loop_manual&quot;:&quot;manual-endless&quot;,&quot;autoplay_stopper&quot;:false,&quot;noNavigation&quot;:false,&quot;bg_slider&quot;:false,&quot;keep_padding&quot;:false,&quot;hoverpause&quot;:false,&quot;show_slide_delay&quot;:0}\"  itemprop=\"image\" itemscope=\"itemscope\" itemtype=\"https:\/\/schema.org\/ImageObject\" ><ul class='avia-slideshow-inner ' style='padding-bottom: 42%;'><li  class='avia-slideshow-slide av-khxbnl5v-836e42ed609e1a0d6a2b95f97fb28420__0  slide-1 slide-odd'><div data-rel='slideshow-2' class='avia-slide-wrap '   ><img decoding=\"async\" fetchpriority=\"high\" class=\"wp-image-2419 avia-img-lazy-loading-not-2419\"  src=\"https:\/\/www.torredeilamberti.it\/wp-content\/uploads\/R_UD0215-1500x630.jpg\" width=\"1500\" height=\"630\" title='Bar banqueting Torre dei Lamberti' alt=''  itemprop=\"thumbnailUrl\"   \/><\/div><\/li><li  class='avia-slideshow-slide av-khxbnl5v-836e42ed609e1a0d6a2b95f97fb28420__1  slide-2 slide-even'><div data-rel='slideshow-2' class='avia-slide-wrap '   ><img decoding=\"async\" fetchpriority=\"high\" class=\"wp-image-2439 avia-img-lazy-loading-not-2439\"  src=\"https:\/\/www.torredeilamberti.it\/wp-content\/uploads\/R_UD0344-1500x630.jpg\" width=\"1500\" height=\"630\" title='Tramonto Torre dei Lamberti' alt=''  itemprop=\"thumbnailUrl\"   \/><\/div><\/li><li  class='avia-slideshow-slide av-khxbnl5v-836e42ed609e1a0d6a2b95f97fb28420__2  slide-3 slide-odd'><div data-rel='slideshow-2' class='avia-slide-wrap '   ><img decoding=\"async\" fetchpriority=\"high\" class=\"wp-image-2464 avia-img-lazy-loading-not-2464\"  src=\"https:\/\/www.torredeilamberti.it\/wp-content\/uploads\/R_UD0457-1-1500x630.jpg\" width=\"1500\" height=\"630\" title='Aperintorre piazza Erbe' alt=''  itemprop=\"thumbnailUrl\"   \/><\/div><\/li><li  class='avia-slideshow-slide av-khxbnl5v-836e42ed609e1a0d6a2b95f97fb28420__3  slide-4 slide-even'><div data-rel='slideshow-2' class='avia-slide-wrap '   ><img decoding=\"async\" fetchpriority=\"high\" class=\"wp-image-2469 avia-img-lazy-loading-not-2469\"  src=\"https:\/\/www.torredeilamberti.it\/wp-content\/uploads\/R_UD526-1500x630.jpg\" width=\"1500\" height=\"630\" title='Aperintorre allestimenti' alt=''  itemprop=\"thumbnailUrl\"   \/><\/div><\/li><\/ul><div class='avia-slideshow-arrows avia-slideshow-controls' ><a href='#prev' class='prev-slide  avia-svg-icon avia-font-svg_entypo-fontello' data-av_svg_icon='left-open-big' data-av_iconset='svg_entypo-fontello' tabindex='-1' title=\"Zur\u00fcck\"><svg version=\"1.1\" xmlns=\"http:\/\/www.w3.org\/2000\/svg\" width=\"15\" height=\"32\" viewBox=\"0 0 15 32\" preserveAspectRatio=\"xMidYMid meet\" aria-labelledby='av-svg-title-1' aria-describedby='av-svg-desc-1' role=\"graphics-symbol\" aria-hidden=\"true\">\n<title id='av-svg-title-1'>Zur\u00fcck<\/title>\n<desc id='av-svg-desc-1'>Zur\u00fcck<\/desc>\n<path d=\"M14.464 27.84q0.832 0.832 0 1.536-0.832 0.832-1.536 0l-12.544-12.608q-0.768-0.768 0-1.6l12.544-12.608q0.704-0.832 1.536 0 0.832 0.704 0 1.536l-11.456 11.904z\"><\/path>\n<\/svg><span class='avia_hidden_link_text'>Zur\u00fcck<\/span><\/a><a href='#next' class='next-slide  avia-svg-icon avia-font-svg_entypo-fontello' data-av_svg_icon='right-open-big' data-av_iconset='svg_entypo-fontello' tabindex='-1' title=\"Weiter\"><svg version=\"1.1\" xmlns=\"http:\/\/www.w3.org\/2000\/svg\" width=\"15\" height=\"32\" viewBox=\"0 0 15 32\" preserveAspectRatio=\"xMidYMid meet\" aria-labelledby='av-svg-title-2' aria-describedby='av-svg-desc-2' role=\"graphics-symbol\" aria-hidden=\"true\">\n<title id='av-svg-title-2'>Weiter<\/title>\n<desc id='av-svg-desc-2'>Weiter<\/desc>\n<path d=\"M0.416 27.84l11.456-11.84-11.456-11.904q-0.832-0.832 0-1.536 0.832-0.832 1.536 0l12.544 12.608q0.768 0.832 0 1.6l-12.544 12.608q-0.704 0.832-1.536 0-0.832-0.704 0-1.536z\"><\/path>\n<\/svg><span class='avia_hidden_link_text'>Weiter<\/span><\/a><\/div><div class='avia-slideshow-dots avia-slideshow-controls'><a href='#1' class='goto-slide active' >1<\/a><a href='#2' class='goto-slide ' >2<\/a><a href='#3' class='goto-slide ' >3<\/a><a href='#4' class='goto-slide ' >4<\/a><\/div><\/div> <\/p><\/div>\n<style type=\"text\/css\" data-created_by=\"avia_inline_auto\" id=\"style-css-av-av_two_fifth-0aa7055fe62c3622faec82866afbaeb2\">\n.flex_column.av-av_two_fifth-0aa7055fe62c3622faec82866afbaeb2{\nborder-radius:0px 0px 0px 0px;\npadding:0px 0px 0px 0px;\n}\n<\/style>\n<div  class='flex_column av-av_two_fifth-0aa7055fe62c3622faec82866afbaeb2 av_two_fifth  avia-builder-el-20  el_after_av_three_fifth  avia-builder-el-last  flex_column_div av-zero-column-padding  '     ><\/div><\/p>\n","protected":false},"excerpt":{"rendered":"","protected":false},"author":1,"featured_media":0,"parent":0,"menu_order":0,"comment_status":"open","ping_status":"open","template":"","meta":{"footnotes":""},"class_list":["post-1265","page","type-page","status-publish","hentry"],"_links":{"self":[{"href":"https:\/\/www.torredeilamberti.it\/de\/wp-json\/wp\/v2\/pages\/1265","targetHints":{"allow":["GET"]}}],"collection":[{"href":"https:\/\/www.torredeilamberti.it\/de\/wp-json\/wp\/v2\/pages"}],"about":[{"href":"https:\/\/www.torredeilamberti.it\/de\/wp-json\/wp\/v2\/types\/page"}],"author":[{"embeddable":true,"href":"https:\/\/www.torredeilamberti.it\/de\/wp-json\/wp\/v2\/users\/1"}],"replies":[{"embeddable":true,"href":"https:\/\/www.torredeilamberti.it\/de\/wp-json\/wp\/v2\/comments?post=1265"}],"version-history":[{"count":4,"href":"https:\/\/www.torredeilamberti.it\/de\/wp-json\/wp\/v2\/pages\/1265\/revisions"}],"predecessor-version":[{"id":4236,"href":"https:\/\/www.torredeilamberti.it\/de\/wp-json\/wp\/v2\/pages\/1265\/revisions\/4236"}],"wp:attachment":[{"href":"https:\/\/www.torredeilamberti.it\/de\/wp-json\/wp\/v2\/media?parent=1265"}],"curies":[{"name":"wp","href":"https:\/\/api.w.org\/{rel}","templated":true}]}}