{"id":1273,"date":"2015-02-22T20:09:33","date_gmt":"2015-02-22T19:09:33","guid":{"rendered":"http:\/\/torredeilamberti.it\/biglietteria\/?lang=de"},"modified":"2025-07-25T14:06:35","modified_gmt":"2025-07-25T12:06:35","slug":"kasse","status":"publish","type":"page","link":"https:\/\/www.torredeilamberti.it\/de\/kasse\/","title":{"rendered":"Kasse"},"content":{"rendered":"<div id='full_slider_1'  class='avia-fullwidth-slider main_color avia-shadow   avia-builder-el-0  el_before_av_section  avia-builder-el-first   container_wrap fullsize'  >\n<style type=\"text\/css\" data-created_by=\"avia_inline_auto\" id=\"style-css-av-av_slideshow_full-d232127d8c461a24a6ee67c7f01c1f21\">\n#top #wrap_all .avia-slideshow .av-slideshow-caption.av-av_slideshow_full-d232127d8c461a24a6ee67c7f01c1f21__0 .avia-caption-title{\nfont-size:40px;\n}\n#top .avia-slideshow .av-slideshow-caption.av-av_slideshow_full-d232127d8c461a24a6ee67c7f01c1f21__0 .avia-caption-content{\nfont-size:30px;\n}\n#top .avia-slideshow .av-slideshow-caption.av-av_slideshow_full-d232127d8c461a24a6ee67c7f01c1f21__0 .avia-caption-content p{\nfont-size:30px;\n}\n<\/style>\n<div  class='avia-slideshow av-av_slideshow_full-d232127d8c461a24a6ee67c7f01c1f21 avia-slideshow-featured av_slideshow_full avia-slide-slider av-slideshow-ui av-control-default av-slideshow-manual av-loop-once av-loop-manual-endless av-default-height-applied   avia-slideshow-1' data-slideshow-options=\"{&quot;animation&quot;:&quot;slide&quot;,&quot;autoplay&quot;:false,&quot;loop_autoplay&quot;:&quot;once&quot;,&quot;interval&quot;:5,&quot;loop_manual&quot;:&quot;manual-endless&quot;,&quot;autoplay_stopper&quot;:false,&quot;noNavigation&quot;:false,&quot;bg_slider&quot;:false,&quot;keep_padding&quot;:false,&quot;hoverpause&quot;:false,&quot;show_slide_delay&quot;:0}\"  itemprop=\"image\" itemscope=\"itemscope\" itemtype=\"https:\/\/schema.org\/ImageObject\" ><ul class='avia-slideshow-inner ' style='padding-bottom: 28.666666666667%;'><li  class='avia-slideshow-slide av-av_slideshow_full-d232127d8c461a24a6ee67c7f01c1f21__0  av-single-slide slide-1 slide-odd'><div data-rel='slideshow-1' class='avia-slide-wrap '   ><img decoding=\"async\" fetchpriority=\"high\" class=\"wp-image-2189 avia-img-lazy-loading-not-2189\"  src=\"https:\/\/www.torredeilamberti.it\/wp-content\/uploads\/R_UD9763-1500x430.jpg\" width=\"1500\" height=\"430\" title='Biglietteria Torre dei Lamberti Palazzo della Ragione' alt=''  itemprop=\"thumbnailUrl\"   \/><\/div><\/li><\/ul><div class='av-slideshow-caption av-av_slideshow_full-d232127d8c461a24a6ee67c7f01c1f21__0 caption_fullwidth caption_left'><div class=\"container caption_container\"><div class=\"slideshow_caption\"><div class=\"slideshow_inner_caption\"><div class=\"slideshow_align_caption\"><h2 class='avia-caption-title '  itemprop=\"name\" >Wann und wie viel<\/h2><\/div><\/div><\/div><\/div><\/div><\/div><\/div>\n\n<style type=\"text\/css\" data-created_by=\"avia_inline_auto\" id=\"style-css-av-av_section-841f5cd40f3f634ac8f0c643c7240f78\">\n.avia-section.av-av_section-841f5cd40f3f634ac8f0c643c7240f78{\nbackground-color:#e7ded3;\nbackground-image:unset;\n}\n.avia-section.av-av_section-841f5cd40f3f634ac8f0c643c7240f78 .av-section-color-overlay{\nopacity:0.5;\nbackground-image:url(https:\/\/www.torredeilamberti.it\/wp-content\/themes\/enfold\/images\/background-images\/noise-for-dark-background.png);\nbackground-repeat:repeat;\n}\n<\/style>\n<div id='av_section_1'  class='avia-section av-av_section-841f5cd40f3f634ac8f0c643c7240f78 main_color avia-section-huge avia-no-border-styling  avia-builder-el-1  el_after_av_slideshow_full  el_before_av_section  avia-bg-style-scroll av-section-color-overlay-active container_wrap fullsize'  ><div class=\"av-section-color-overlay-wrap\"><div class=\"av-section-color-overlay\"><\/div><div class='container av-section-cont-open' ><div class='template-page content  av-content-full alpha units'><div class='post-entry post-entry-type-page post-entry-1273'><div class='entry-content-wrapper clearfix'>\n<section  class='av_textblock_section av-kte34apj-08cb285765f8493d6164d45cc0c248bd '   itemscope=\"itemscope\" itemtype=\"https:\/\/schema.org\/CreativeWork\" ><div class='avia_textblock'  itemprop=\"text\" ><h3 style=\"text-align: center;\">F\u00fcr den Zugang zum Denkmal werden Reservierungen empfohlen, die per E-Mail an torredilamberti@agec.it oder telefonisch unter 045 9273027 von Montag bis Freitag von 10:15 bis 17:15 Uhr, samstags, sonntags und an Feiertagen von 11:15 bis erfolgen k\u00f6nnen 18:15.<\/h3>\n<\/div><\/section>\n<div  class='flex_column av-av_one_half-2a9015ff38129c418a3f2eafba3e9512 av_one_half  avia-builder-el-3  el_after_av_textblock  el_before_av_one_half  first flex_column_div  column-top-margin'     ><section  class='av_textblock_section av-kudt9lcq-1fe4d38d24e067ad2f5b962ebba6ab4d '   itemscope=\"itemscope\" itemtype=\"https:\/\/schema.org\/CreativeWork\" ><div class='avia_textblock'  itemprop=\"text\" ><h2 style=\"text-align: right;\">Eintrittspreis<\/h2>\n<p style=\"text-align: right;\">Voller Preis 6,00 \u20ac<\/p>\n<p style=\"text-align: right;\">* Erm\u00e4\u00dfigter Preis 4,50 \u20ac<\/p>\n<p style=\"text-align: right;\">** Erm\u00e4\u00dfigter Preis 1,00 \u20ac<\/p>\n<p style=\"text-align: right;\">*** Kostenlos<\/p>\n<\/div><\/section><\/div>\n<style type=\"text\/css\" data-created_by=\"avia_inline_auto\" id=\"style-css-av-av_one_half-0aa7055fe62c3622faec82866afbaeb2\">\n.flex_column.av-av_one_half-0aa7055fe62c3622faec82866afbaeb2{\nborder-radius:0px 0px 0px 0px;\npadding:0px 0px 0px 0px;\n}\n<\/style>\n<div  class='flex_column av-av_one_half-0aa7055fe62c3622faec82866afbaeb2 av_one_half  avia-builder-el-5  el_after_av_one_half  avia-builder-el-last  flex_column_div av-zero-column-padding  column-top-margin'     ><section  class='av_textblock_section av-m06dyjpw-1fd1d1f41a878fa98593a14960cb0acc '   itemscope=\"itemscope\" itemtype=\"https:\/\/schema.org\/CreativeWork\" ><div class='avia_textblock'  itemprop=\"text\" ><h2>\u00d6ffnungszeiten<\/h2>\n<p>Montags bis freitags 10.00 \u2013 18.00 Uhr<\/p>\n<p>Samstags, sonntags und an Feiertagen 11.00 \u2013 19.00 Uhr<\/p>\n<p>Letzter Einlass 45 Minuten vor Schlie\u00dfung.<br \/>\nDie Kasse und der Buchladen schlie\u00dfen 45 Minuten vor Schlie\u00dfung.<\/p>\n<\/div><\/section><br \/>\n\n<style type=\"text\/css\" data-created_by=\"avia_inline_auto\" id=\"style-css-av-av_hr-ee2847e2e025ce3d30801259a03f9fd4\">\n#top .hr.hr-invisible.av-av_hr-ee2847e2e025ce3d30801259a03f9fd4{\nheight:10px;\n}\n<\/style>\n<div  class='hr av-av_hr-ee2847e2e025ce3d30801259a03f9fd4 hr-invisible  avia-builder-el-7  el_after_av_textblock  avia-builder-el-last '><span class='hr-inner '><span class=\"hr-inner-style\"><\/span><\/span><\/div><\/p><\/div><\/div><\/div><\/div><!-- close content main div --><\/div><\/div><\/div>\n<style type=\"text\/css\" data-created_by=\"avia_inline_auto\" id=\"style-css-av-av_section-4bbec98767ba621563ca4743d4377bb7\">\n.avia-section.av-av_section-4bbec98767ba621563ca4743d4377bb7 .av-extra-border-element .av-extra-border-inner{\nbackground-color:#ffffff;\n}\n<\/style>\n<div id='av_section_2'  class='avia-section av-av_section-4bbec98767ba621563ca4743d4377bb7 main_color avia-section-huge avia-no-border-styling  avia-builder-el-8  el_after_av_section  avia-builder-el-last  avia-bg-style-scroll av-arrow-down-section container_wrap fullsize'  ><div class='container av-section-cont-open' ><div class='template-page content  av-content-full alpha units'><div class='post-entry post-entry-type-page post-entry-1273'><div class='entry-content-wrapper clearfix'>\n\n<style type=\"text\/css\" data-created_by=\"avia_inline_auto\" id=\"style-css-av-av_one_third-6126cab7d8fab8d08143dd2dacdf673c\">\n.flex_column.av-av_one_third-6126cab7d8fab8d08143dd2dacdf673c{\nborder-radius:0px 0px 0px 0px;\npadding:0px 0px 0px 0px;\n}\n<\/style>\n<div  class='flex_column av-av_one_third-6126cab7d8fab8d08143dd2dacdf673c av_one_third  avia-builder-el-9  el_before_av_one_third  avia-builder-el-first  first flex_column_div av-zero-column-padding  '     ><p>\n<style type=\"text\/css\" data-created_by=\"avia_inline_auto\" id=\"style-css-av-av_font_icon-899c547eb31a32ef3c1db9b7fd1311ea\">\n.av_font_icon.av-av_font_icon-899c547eb31a32ef3c1db9b7fd1311ea{\ncolor:#222222;\nborder-color:#222222;\n}\n.avia-svg-icon.av-av_font_icon-899c547eb31a32ef3c1db9b7fd1311ea svg:first-child{\nstroke:#222222;\nfill:#222222;\n}\n.av_font_icon.av-av_font_icon-899c547eb31a32ef3c1db9b7fd1311ea .av-icon-char{\nfont-size:40px;\nline-height:40px;\n}\n<\/style>\n<span  class='av_font_icon av-av_font_icon-899c547eb31a32ef3c1db9b7fd1311ea avia_animate_when_visible av-icon-style- avia-icon-pos-center avia-iconfont avia-font-entypo-fontello avia-icon-animate'><span class='av-icon-char' data-av_icon='\ue849' data-av_iconfont='entypo-fontello' aria-hidden=\"true\" ><\/span><\/span><br \/>\n\n<style type=\"text\/css\" data-created_by=\"avia_inline_auto\" id=\"style-css-av-kw0ecivd-56782366142e311057d3db986393ad17\">\n#top .av-special-heading.av-kw0ecivd-56782366142e311057d3db986393ad17{\npadding-bottom:40px;\nfont-size:24px;\n}\nbody .av-special-heading.av-kw0ecivd-56782366142e311057d3db986393ad17 .av-special-heading-tag .heading-char{\nfont-size:25px;\n}\n#top #wrap_all .av-special-heading.av-kw0ecivd-56782366142e311057d3db986393ad17 .av-special-heading-tag{\nfont-size:24px;\n}\n.av-special-heading.av-kw0ecivd-56782366142e311057d3db986393ad17 .av-subheading{\nfont-size:15px;\n}\n\n@media only screen and (min-width: 480px) and (max-width: 767px){ \n#top #wrap_all .av-special-heading.av-kw0ecivd-56782366142e311057d3db986393ad17 .av-special-heading-tag{\nfont-size:0.8em;\n}\n}\n\n@media only screen and (max-width: 479px){ \n#top #wrap_all .av-special-heading.av-kw0ecivd-56782366142e311057d3db986393ad17 .av-special-heading-tag{\nfont-size:0.8em;\n}\n}\n<\/style>\n<div  class='av-special-heading av-kw0ecivd-56782366142e311057d3db986393ad17 av-special-heading-h2 blockquote modern-quote  avia-builder-el-11  el_after_av_font_icon  el_before_av_textblock  av-inherit-size'><h2 class='av-special-heading-tag '  itemprop=\"headline\"  >* Erm\u00e4\u00dfigter Eintrittspreis \u20ac 4,50<\/h2><div class=\"special-heading-border\"><div class=\"special-heading-inner-border\"><\/div><\/div><\/div><br \/>\n<section  class='av_textblock_section av-kw0edn5r-3799d433a1e3b8a5337914d81c39191b '   itemscope=\"itemscope\" itemtype=\"https:\/\/schema.org\/CreativeWork\" ><div class='avia_textblock'  itemprop=\"text\" ><ul>\n<li>GRUPPEN VON 15 PERSONEN<\/li>\n<li>SENIOREN \u00dcBER 60 JAHREN<\/li>\n<li>KINDER 8-14 JAHRE<\/li>\n<li>EINGESCHRIEBENE PERSONEN DER SENIORENVOLKSHOCHSCHULE<\/li>\n<li><span class=\"VIiyi\" lang=\"de\"><span class=\"JLqJ4b ChMk0b C1N51c\" data-language-for-alternatives=\"de\" data-language-to-translate-into=\"it\" data-phrase-index=\"0\" data-number-of-phrases=\"5\">PROVINZ VERONA CARD<\/span><\/span><\/li>\n<li>ACI CLUB<\/li>\n<li><span class=\"VIiyi\" lang=\"de\"><span class=\"JLqJ4b ChMk0b\" data-language-for-alternatives=\"de\" data-language-to-translate-into=\"it\" data-phrase-index=\"2\" data-number-of-phrases=\"5\">ITALIENISCHE ARMEE<\/span><\/span><\/li>\n<li><span class=\"VIiyi\" lang=\"de\"><span class=\"JLqJ4b ChMk0b C1N51c\" data-language-for-alternatives=\"de\" data-language-to-translate-into=\"it\" data-phrase-index=\"4\" data-number-of-phrases=\"5\">NATIONALE FREIWILLIGE F\u00dcR DEN ZIVILDIENST<\/span><\/span><\/li>\n<li>SCH\u00dcLER UND STUDENTEN 14 \u2013 30 JAHRE NACH VORWEISUNG DES ENTSPRECHENDEN SCH\u00dcLER-\/STUDENTENAUSWEISES<\/li>\n<\/ul>\n<\/div><\/section><\/p><\/div>\n<style type=\"text\/css\" data-created_by=\"avia_inline_auto\" id=\"style-css-av-av_one_third-0aa7055fe62c3622faec82866afbaeb2\">\n.flex_column.av-av_one_third-0aa7055fe62c3622faec82866afbaeb2{\nborder-radius:0px 0px 0px 0px;\npadding:0px 0px 0px 0px;\n}\n<\/style>\n<div  class='flex_column av-av_one_third-0aa7055fe62c3622faec82866afbaeb2 av_one_third  avia-builder-el-13  el_after_av_one_third  el_before_av_one_third  flex_column_div av-zero-column-padding  '     ><p>\n<style type=\"text\/css\" data-created_by=\"avia_inline_auto\" id=\"style-css-av-av_font_icon-899c547eb31a32ef3c1db9b7fd1311ea\">\n.av_font_icon.av-av_font_icon-899c547eb31a32ef3c1db9b7fd1311ea{\ncolor:#222222;\nborder-color:#222222;\n}\n.avia-svg-icon.av-av_font_icon-899c547eb31a32ef3c1db9b7fd1311ea svg:first-child{\nstroke:#222222;\nfill:#222222;\n}\n.av_font_icon.av-av_font_icon-899c547eb31a32ef3c1db9b7fd1311ea .av-icon-char{\nfont-size:40px;\nline-height:40px;\n}\n<\/style>\n<span  class='av_font_icon av-av_font_icon-899c547eb31a32ef3c1db9b7fd1311ea avia_animate_when_visible av-icon-style- avia-icon-pos-center avia-iconfont avia-font-entypo-fontello avia-icon-animate'><span class='av-icon-char' data-av_icon='\ue849' data-av_iconfont='entypo-fontello' aria-hidden=\"true\" ><\/span><\/span><br \/>\n\n<style type=\"text\/css\" data-created_by=\"avia_inline_auto\" id=\"style-css-av-av_heading-f5e3dd87c6d7ea6cfc7198839e33bb15\">\n#top .av-special-heading.av-av_heading-f5e3dd87c6d7ea6cfc7198839e33bb15{\npadding-bottom:40px;\nfont-size:24px;\n}\nbody .av-special-heading.av-av_heading-f5e3dd87c6d7ea6cfc7198839e33bb15 .av-special-heading-tag .heading-char{\nfont-size:25px;\n}\n#top #wrap_all .av-special-heading.av-av_heading-f5e3dd87c6d7ea6cfc7198839e33bb15 .av-special-heading-tag{\nfont-size:24px;\n}\n.av-special-heading.av-av_heading-f5e3dd87c6d7ea6cfc7198839e33bb15 .av-subheading{\nfont-size:15px;\n}\n\n@media only screen and (min-width: 480px) and (max-width: 767px){ \n#top #wrap_all .av-special-heading.av-av_heading-f5e3dd87c6d7ea6cfc7198839e33bb15 .av-special-heading-tag{\nfont-size:0.8em;\n}\n}\n\n@media only screen and (max-width: 479px){ \n#top #wrap_all .av-special-heading.av-av_heading-f5e3dd87c6d7ea6cfc7198839e33bb15 .av-special-heading-tag{\nfont-size:0.8em;\n}\n}\n<\/style>\n<div  class='av-special-heading av-av_heading-f5e3dd87c6d7ea6cfc7198839e33bb15 av-special-heading-h2 blockquote modern-quote  avia-builder-el-15  el_after_av_font_icon  el_before_av_textblock  av-inherit-size'><h2 class='av-special-heading-tag '  itemprop=\"headline\"  >** Erm\u00e4\u00dfigter Eintrittspreis \u20ac 1,00<\/h2><div class=\"special-heading-border\"><div class=\"special-heading-inner-border\"><\/div><\/div><\/div><br \/>\n<section  class='av_textblock_section av-kw0edu8l-cea14f0ad2dbf61a8239841cb5210ebb '   itemscope=\"itemscope\" itemtype=\"https:\/\/schema.org\/CreativeWork\" ><div class='avia_textblock'  itemprop=\"text\" ><ul>\n<li>SCHULGRUPPEN<\/li>\n<li>NUTZUNG DES AUFZUGS F\u00dcR INHABER DER VERONA CARD<\/li>\n<\/ul>\n<\/div><\/section><\/p><\/div>\n<style type=\"text\/css\" data-created_by=\"avia_inline_auto\" id=\"style-css-av-av_one_third-0aa7055fe62c3622faec82866afbaeb2\">\n.flex_column.av-av_one_third-0aa7055fe62c3622faec82866afbaeb2{\nborder-radius:0px 0px 0px 0px;\npadding:0px 0px 0px 0px;\n}\n<\/style>\n<div  class='flex_column av-av_one_third-0aa7055fe62c3622faec82866afbaeb2 av_one_third  avia-builder-el-17  el_after_av_one_third  el_before_av_one_full  flex_column_div av-zero-column-padding  '     ><p>\n<style type=\"text\/css\" data-created_by=\"avia_inline_auto\" id=\"style-css-av-av_font_icon-899c547eb31a32ef3c1db9b7fd1311ea\">\n.av_font_icon.av-av_font_icon-899c547eb31a32ef3c1db9b7fd1311ea{\ncolor:#222222;\nborder-color:#222222;\n}\n.avia-svg-icon.av-av_font_icon-899c547eb31a32ef3c1db9b7fd1311ea svg:first-child{\nstroke:#222222;\nfill:#222222;\n}\n.av_font_icon.av-av_font_icon-899c547eb31a32ef3c1db9b7fd1311ea .av-icon-char{\nfont-size:40px;\nline-height:40px;\n}\n<\/style>\n<span  class='av_font_icon av-av_font_icon-899c547eb31a32ef3c1db9b7fd1311ea avia_animate_when_visible av-icon-style- avia-icon-pos-center avia-iconfont avia-font-entypo-fontello avia-icon-animate'><span class='av-icon-char' data-av_icon='\ue849' data-av_iconfont='entypo-fontello' aria-hidden=\"true\" ><\/span><\/span><br \/>\n\n<style type=\"text\/css\" data-created_by=\"avia_inline_auto\" id=\"style-css-av-av_heading-fb765a8be73a43b4cc567b2725f3248f\">\n#top .av-special-heading.av-av_heading-fb765a8be73a43b4cc567b2725f3248f{\npadding-bottom:40px;\nfont-size:24px;\n}\nbody .av-special-heading.av-av_heading-fb765a8be73a43b4cc567b2725f3248f .av-special-heading-tag .heading-char{\nfont-size:25px;\n}\n#top #wrap_all .av-special-heading.av-av_heading-fb765a8be73a43b4cc567b2725f3248f .av-special-heading-tag{\nfont-size:24px;\n}\n.av-special-heading.av-av_heading-fb765a8be73a43b4cc567b2725f3248f .av-subheading{\nfont-size:15px;\n}\n\n@media only screen and (min-width: 480px) and (max-width: 767px){ \n#top #wrap_all .av-special-heading.av-av_heading-fb765a8be73a43b4cc567b2725f3248f .av-special-heading-tag{\nfont-size:0.8em;\n}\n}\n\n@media only screen and (max-width: 479px){ \n#top #wrap_all .av-special-heading.av-av_heading-fb765a8be73a43b4cc567b2725f3248f .av-special-heading-tag{\nfont-size:0.8em;\n}\n}\n<\/style>\n<div  class='av-special-heading av-av_heading-fb765a8be73a43b4cc567b2725f3248f av-special-heading-h2 blockquote modern-quote  avia-builder-el-19  el_after_av_font_icon  el_before_av_textblock  av-inherit-size'><h2 class='av-special-heading-tag '  itemprop=\"headline\"  >*** Kostenloser Eintritt<\/h2><div class=\"special-heading-border\"><div class=\"special-heading-inner-border\"><\/div><\/div><\/div><br \/>\n<section  class='av_textblock_section av-ku5i9uri-7ded117eb842b25f58696d8f16867804 '   itemscope=\"itemscope\" itemtype=\"https:\/\/schema.org\/CreativeWork\" ><div class='avia_textblock'  itemprop=\"text\" ><ul>\n<li>KINDER 0-7 JAHRE<\/li>\n<li><span class=\"VIiyi\" lang=\"de\"><span class=\"JLqJ4b ChMk0b\" data-language-for-alternatives=\"de\" data-language-to-translate-into=\"it\" data-phrase-index=\"0\">LEHRER DIE SCHULKINDER BEGLEITEN<\/span><\/span><\/li>\n<li>BEHINDERTE MIT BEGLEITPERSON<\/li>\n<li>FREMDENF\u00dcHRER<\/li>\n<li>INHABER DER VERONA CARD (AUFSTIEG ZU FUSS)<\/li>\n<li>JUGENDLICHE INTERNATIONALEN SCH\u00dcLER-\/STUDENTENAUSTAUSCHES<\/li>\n<li>PRESSE<\/li>\n<li>ORTSANS\u00c4SSIGE RENTER \u00dcBER 65<\/li>\n<li><span class=\"VIiyi\" lang=\"de\"><span class=\"JLqJ4b ChMk0b\" data-language-for-alternatives=\"de\" data-language-to-translate-into=\"it\" data-phrase-index=\"0\" data-number-of-phrases=\"1\">AUTORIT\u00c4T<\/span><\/span><\/li>\n<li>POLIZEI\/FEUERWEHR<\/li>\n<li>ICOM-MITGLIEDER<\/li>\n<li><span class=\"VIiyi\" lang=\"de\"><span class=\"JLqJ4b ChMk0b\" data-language-for-alternatives=\"de\" data-language-to-translate-into=\"it\" data-phrase-index=\"0\" data-number-of-phrases=\"1\">VEREIN DER EHEMALIGEN GEMEINDERATS\u00c4TZE DER STADT VERONA<\/span><\/span><\/li>\n<\/ul>\n<\/div><\/section><\/p><\/div>\n<style type=\"text\/css\" data-created_by=\"avia_inline_auto\" id=\"style-css-av-av_one_full-6126cab7d8fab8d08143dd2dacdf673c\">\n.flex_column.av-av_one_full-6126cab7d8fab8d08143dd2dacdf673c{\nborder-radius:0px 0px 0px 0px;\npadding:0px 0px 0px 0px;\n}\n<\/style>\n<div  class='flex_column av-av_one_full-6126cab7d8fab8d08143dd2dacdf673c av_one_full  avia-builder-el-21  el_after_av_one_third  avia-builder-el-last  first flex_column_div av-zero-column-padding  column-top-margin'     ><p>\n<style type=\"text\/css\" data-created_by=\"avia_inline_auto\" id=\"style-css-av-av_hr-4e700ce148bf0745469c99b99aa479c3\">\n#top .hr.hr-invisible.av-av_hr-4e700ce148bf0745469c99b99aa479c3{\nheight:20px;\n}\n<\/style>\n<div  class='hr av-av_hr-4e700ce148bf0745469c99b99aa479c3 hr-invisible  avia-builder-el-22  el_before_av_textblock  avia-builder-el-first '><span class='hr-inner '><span class=\"hr-inner-style\"><\/span><\/span><\/div><br \/>\n<section  class='av_textblock_section av-av_textblock-0366cc7376be6c9e82a3e9cc8987b64f '   itemscope=\"itemscope\" itemtype=\"https:\/\/schema.org\/CreativeWork\" ><div class='avia_textblock'  itemprop=\"text\" ><p style=\"text-align: center;\">F\u00fcr Infos zu weiteren zum erm\u00e4\u00dfigten und kostenlosen Eintritt berechtigten Mitgliedern von Vereinen und Berufskategorien konsultieren<br \/>\nSie bitte: <a href=\"mailto:info@torredeilamberti.it\">info@torredeilamberti.it<\/a><\/p>\n<\/div><\/section><\/p><\/div>\n<\/p>\n","protected":false},"excerpt":{"rendered":"","protected":false},"author":1,"featured_media":0,"parent":0,"menu_order":0,"comment_status":"open","ping_status":"closed","template":"","meta":{"footnotes":""},"class_list":["post-1273","page","type-page","status-publish","hentry"],"_links":{"self":[{"href":"https:\/\/www.torredeilamberti.it\/de\/wp-json\/wp\/v2\/pages\/1273","targetHints":{"allow":["GET"]}}],"collection":[{"href":"https:\/\/www.torredeilamberti.it\/de\/wp-json\/wp\/v2\/pages"}],"about":[{"href":"https:\/\/www.torredeilamberti.it\/de\/wp-json\/wp\/v2\/types\/page"}],"author":[{"embeddable":true,"href":"https:\/\/www.torredeilamberti.it\/de\/wp-json\/wp\/v2\/users\/1"}],"replies":[{"embeddable":true,"href":"https:\/\/www.torredeilamberti.it\/de\/wp-json\/wp\/v2\/comments?post=1273"}],"version-history":[{"count":26,"href":"https:\/\/www.torredeilamberti.it\/de\/wp-json\/wp\/v2\/pages\/1273\/revisions"}],"predecessor-version":[{"id":4274,"href":"https:\/\/www.torredeilamberti.it\/de\/wp-json\/wp\/v2\/pages\/1273\/revisions\/4274"}],"wp:attachment":[{"href":"https:\/\/www.torredeilamberti.it\/de\/wp-json\/wp\/v2\/media?parent=1273"}],"curies":[{"name":"wp","href":"https:\/\/api.w.org\/{rel}","templated":true}]}}