{"id":1343,"date":"2015-02-22T20:08:56","date_gmt":"2015-02-22T19:08:56","guid":{"rendered":"http:\/\/torredeilamberti.it\/business\/?lang=es"},"modified":"2025-02-21T15:48:27","modified_gmt":"2025-02-21T14:48:27","slug":"negocios","status":"publish","type":"page","link":"https:\/\/www.torredeilamberti.it\/es\/negocios\/","title":{"rendered":"Negocios"},"content":{"rendered":"<div id='full_slider_1'  class='avia-fullwidth-slider main_color avia-shadow   avia-builder-el-0  el_before_av_section  avia-builder-el-first   container_wrap fullsize'  >\n<style type=\"text\/css\" data-created_by=\"avia_inline_auto\" id=\"style-css-av-av_slideshow_full-d232127d8c461a24a6ee67c7f01c1f21\">\n#top #wrap_all .avia-slideshow .av-slideshow-caption.av-av_slideshow_full-d232127d8c461a24a6ee67c7f01c1f21__0 .avia-caption-title{\nfont-size:40px;\n}\n#top .avia-slideshow .av-slideshow-caption.av-av_slideshow_full-d232127d8c461a24a6ee67c7f01c1f21__0 .avia-caption-content{\nfont-size:30px;\n}\n#top .avia-slideshow .av-slideshow-caption.av-av_slideshow_full-d232127d8c461a24a6ee67c7f01c1f21__0 .avia-caption-content p{\nfont-size:30px;\n}\n<\/style>\n<div  class='avia-slideshow av-av_slideshow_full-d232127d8c461a24a6ee67c7f01c1f21 avia-slideshow-featured av_slideshow_full avia-slide-slider av-slideshow-ui av-control-default av-slideshow-manual av-loop-once av-loop-manual-endless av-default-height-applied   avia-slideshow-1' data-slideshow-options=\"{&quot;animation&quot;:&quot;slide&quot;,&quot;autoplay&quot;:false,&quot;loop_autoplay&quot;:&quot;once&quot;,&quot;interval&quot;:5,&quot;loop_manual&quot;:&quot;manual-endless&quot;,&quot;autoplay_stopper&quot;:false,&quot;noNavigation&quot;:false,&quot;bg_slider&quot;:false,&quot;keep_padding&quot;:false,&quot;hoverpause&quot;:false,&quot;show_slide_delay&quot;:0}\"  itemprop=\"image\" itemscope=\"itemscope\" itemtype=\"https:\/\/schema.org\/ImageObject\" ><ul class='avia-slideshow-inner ' style='padding-bottom: 28.666666666667%;'><li  class='avia-slideshow-slide av-av_slideshow_full-d232127d8c461a24a6ee67c7f01c1f21__0  av-single-slide slide-1 slide-odd'><div data-rel='slideshow-1' class='avia-slide-wrap '   ><img decoding=\"async\" fetchpriority=\"high\" class=\"wp-image-2181 avia-img-lazy-loading-not-2181\"  src=\"https:\/\/www.torredeilamberti.it\/wp-content\/uploads\/piazza-dante344-1500x430.jpg\" width=\"1500\" height=\"430\" title='Piazza Dante Verona' alt=''  itemprop=\"thumbnailUrl\"   \/><\/div><\/li><\/ul><div class='av-slideshow-caption av-av_slideshow_full-d232127d8c461a24a6ee67c7f01c1f21__0 caption_fullwidth caption_left'><div class=\"container caption_container\"><div class=\"slideshow_caption\"><div class=\"slideshow_inner_caption\"><div class=\"slideshow_align_caption\"><h2 class='avia-caption-title '  itemprop=\"name\" >Un ins\u00f3lito socio<br \/>\npara su empresa<\/h2><\/div><\/div><\/div><\/div><\/div><\/div><\/div>\n<div id='av_section_1'  class='avia-section av-av_section-32d654e3ee37f5b6f7dbef6c2b96cadd main_color avia-section-default avia-no-border-styling  avia-builder-el-1  el_after_av_slideshow_full  el_before_av_section  avia-bg-style-parallax container_wrap fullsize'  ><div class='container av-section-cont-open' ><div class='template-page content  av-content-full alpha units'><div class='post-entry post-entry-type-page post-entry-1343'><div class='entry-content-wrapper clearfix'>\n\n<style type=\"text\/css\" data-created_by=\"avia_inline_auto\" id=\"style-css-av-av_one_fourth-6126cab7d8fab8d08143dd2dacdf673c\">\n.flex_column.av-av_one_fourth-6126cab7d8fab8d08143dd2dacdf673c{\nborder-radius:0px 0px 0px 0px;\npadding:0px 0px 0px 0px;\n}\n<\/style>\n<div  class='flex_column av-av_one_fourth-6126cab7d8fab8d08143dd2dacdf673c av_one_fourth  avia-builder-el-2  el_before_av_one_fourth  avia-builder-el-first  first flex_column_div av-zero-column-padding  '     ><p>\n<style type=\"text\/css\" data-created_by=\"avia_inline_auto\" id=\"style-css-av-av_font_icon-b50bc8a4317e92acb917cc51b57fc835\">\n.av_font_icon.av-av_font_icon-b50bc8a4317e92acb917cc51b57fc835{\ncolor:#c5baae;\nborder-color:#c5baae;\n}\n.avia-svg-icon.av-av_font_icon-b50bc8a4317e92acb917cc51b57fc835 svg:first-child{\nstroke:#c5baae;\nfill:#c5baae;\n}\n.av_font_icon.av-av_font_icon-b50bc8a4317e92acb917cc51b57fc835 .av-icon-char{\nfont-size:60px;\nline-height:60px;\n}\n<\/style>\n<span  class='av_font_icon av-av_font_icon-b50bc8a4317e92acb917cc51b57fc835 avia_animate_when_visible av-icon-style- avia-icon-pos-center avia-iconfont avia-font-entypo-fontello avia-icon-animate'><span class='av-icon-char' data-av_icon='\ue841' data-av_iconfont='entypo-fontello' aria-hidden=\"true\" ><\/span><\/span><br \/>\n\n<style type=\"text\/css\" data-created_by=\"avia_inline_auto\" id=\"style-css-av-av_heading-8b2a052f0df3e724b3985a9a2c7ea851\">\n#top .av-special-heading.av-av_heading-8b2a052f0df3e724b3985a9a2c7ea851{\npadding-bottom:10px;\nfont-size:30px;\n}\nbody .av-special-heading.av-av_heading-8b2a052f0df3e724b3985a9a2c7ea851 .av-special-heading-tag .heading-char{\nfont-size:25px;\n}\n#top #wrap_all .av-special-heading.av-av_heading-8b2a052f0df3e724b3985a9a2c7ea851 .av-special-heading-tag{\nfont-size:30px;\n}\n.av-special-heading.av-av_heading-8b2a052f0df3e724b3985a9a2c7ea851 .av-subheading{\nfont-size:15px;\n}\n\n@media only screen and (min-width: 480px) and (max-width: 767px){ \n#top #wrap_all .av-special-heading.av-av_heading-8b2a052f0df3e724b3985a9a2c7ea851 .av-special-heading-tag{\nfont-size:0.8em;\n}\n}\n\n@media only screen and (max-width: 479px){ \n#top #wrap_all .av-special-heading.av-av_heading-8b2a052f0df3e724b3985a9a2c7ea851 .av-special-heading-tag{\nfont-size:0.8em;\n}\n}\n<\/style>\n<div  class='av-special-heading av-av_heading-8b2a052f0df3e724b3985a9a2c7ea851 av-special-heading-h1 blockquote modern-quote modern-centered  avia-builder-el-4  el_after_av_font_icon  avia-builder-el-last  av-inherit-size'><h1 class='av-special-heading-tag '  itemprop=\"headline\"  >Comarketing<\/h1><div class=\"special-heading-border\"><div class=\"special-heading-inner-border\"><\/div><\/div><\/div><\/p><\/div>\n<style type=\"text\/css\" data-created_by=\"avia_inline_auto\" id=\"style-css-av-av_one_fourth-0aa7055fe62c3622faec82866afbaeb2\">\n.flex_column.av-av_one_fourth-0aa7055fe62c3622faec82866afbaeb2{\nborder-radius:0px 0px 0px 0px;\npadding:0px 0px 0px 0px;\n}\n<\/style>\n<div  class='flex_column av-av_one_fourth-0aa7055fe62c3622faec82866afbaeb2 av_one_fourth  avia-builder-el-5  el_after_av_one_fourth  el_before_av_one_fourth  flex_column_div av-zero-column-padding  '     ><p>\n<style type=\"text\/css\" data-created_by=\"avia_inline_auto\" id=\"style-css-av-av_font_icon-7f32c04f98f319b6206cb7047c50811e\">\n.av_font_icon.av-av_font_icon-7f32c04f98f319b6206cb7047c50811e{\ncolor:#c5baae;\nborder-color:#c5baae;\n}\n.avia-svg-icon.av-av_font_icon-7f32c04f98f319b6206cb7047c50811e svg:first-child{\nstroke:#c5baae;\nfill:#c5baae;\n}\n.av_font_icon.av-av_font_icon-7f32c04f98f319b6206cb7047c50811e .av-icon-char{\nfont-size:60px;\nline-height:60px;\n}\n<\/style>\n<span  class='av_font_icon av-av_font_icon-7f32c04f98f319b6206cb7047c50811e avia_animate_when_visible av-icon-style- avia-icon-pos-center avia-iconfont avia-font-entypo-fontello avia-icon-animate'><span class='av-icon-char' data-av_icon='\ue8bc' data-av_iconfont='entypo-fontello' aria-hidden=\"true\" ><\/span><\/span><br \/>\n\n<style type=\"text\/css\" data-created_by=\"avia_inline_auto\" id=\"style-css-av-av_heading-99cccb98e4262ecd7663e2efe79e8476\">\n#top .av-special-heading.av-av_heading-99cccb98e4262ecd7663e2efe79e8476{\npadding-bottom:10px;\nfont-size:30px;\n}\nbody .av-special-heading.av-av_heading-99cccb98e4262ecd7663e2efe79e8476 .av-special-heading-tag .heading-char{\nfont-size:25px;\n}\n#top #wrap_all .av-special-heading.av-av_heading-99cccb98e4262ecd7663e2efe79e8476 .av-special-heading-tag{\nfont-size:30px;\n}\n.av-special-heading.av-av_heading-99cccb98e4262ecd7663e2efe79e8476 .av-subheading{\nfont-size:15px;\n}\n\n@media only screen and (min-width: 480px) and (max-width: 767px){ \n#top #wrap_all .av-special-heading.av-av_heading-99cccb98e4262ecd7663e2efe79e8476 .av-special-heading-tag{\nfont-size:0.8em;\n}\n}\n\n@media only screen and (max-width: 479px){ \n#top #wrap_all .av-special-heading.av-av_heading-99cccb98e4262ecd7663e2efe79e8476 .av-special-heading-tag{\nfont-size:0.8em;\n}\n}\n<\/style>\n<div  class='av-special-heading av-av_heading-99cccb98e4262ecd7663e2efe79e8476 av-special-heading-h1 blockquote modern-quote modern-centered  avia-builder-el-7  el_after_av_font_icon  avia-builder-el-last  av-inherit-size'><h1 class='av-special-heading-tag '  itemprop=\"headline\"  >Eventos B2B<\/h1><div class=\"special-heading-border\"><div class=\"special-heading-inner-border\"><\/div><\/div><\/div><\/p><\/div>\n<style type=\"text\/css\" data-created_by=\"avia_inline_auto\" id=\"style-css-av-av_one_fourth-0aa7055fe62c3622faec82866afbaeb2\">\n.flex_column.av-av_one_fourth-0aa7055fe62c3622faec82866afbaeb2{\nborder-radius:0px 0px 0px 0px;\npadding:0px 0px 0px 0px;\n}\n<\/style>\n<div  class='flex_column av-av_one_fourth-0aa7055fe62c3622faec82866afbaeb2 av_one_fourth  avia-builder-el-8  el_after_av_one_fourth  el_before_av_one_fourth  flex_column_div av-zero-column-padding  '     ><p>\n<style type=\"text\/css\" data-created_by=\"avia_inline_auto\" id=\"style-css-av-av_font_icon-859b308746ca976c0b9010b9060b9b92\">\n.av_font_icon.av-av_font_icon-859b308746ca976c0b9010b9060b9b92{\ncolor:#c5baae;\nborder-color:#c5baae;\n}\n.avia-svg-icon.av-av_font_icon-859b308746ca976c0b9010b9060b9b92 svg:first-child{\nstroke:#c5baae;\nfill:#c5baae;\n}\n.av_font_icon.av-av_font_icon-859b308746ca976c0b9010b9060b9b92 .av-icon-char{\nfont-size:60px;\nline-height:60px;\n}\n<\/style>\n<span  class='av_font_icon av-av_font_icon-859b308746ca976c0b9010b9060b9b92 avia_animate_when_visible av-icon-style- avia-icon-pos-center avia-iconfont avia-font-entypo-fontello avia-icon-animate'><span class='av-icon-char' data-av_icon='\ue842' data-av_iconfont='entypo-fontello' aria-hidden=\"true\" ><\/span><\/span><br \/>\n\n<style type=\"text\/css\" data-created_by=\"avia_inline_auto\" id=\"style-css-av-av_heading-0bdddae2a34836f332a93bce1b1a762d\">\n#top .av-special-heading.av-av_heading-0bdddae2a34836f332a93bce1b1a762d{\npadding-bottom:10px;\nfont-size:30px;\n}\nbody .av-special-heading.av-av_heading-0bdddae2a34836f332a93bce1b1a762d .av-special-heading-tag .heading-char{\nfont-size:25px;\n}\n#top #wrap_all .av-special-heading.av-av_heading-0bdddae2a34836f332a93bce1b1a762d .av-special-heading-tag{\nfont-size:30px;\n}\n.av-special-heading.av-av_heading-0bdddae2a34836f332a93bce1b1a762d .av-subheading{\nfont-size:15px;\n}\n\n@media only screen and (min-width: 480px) and (max-width: 767px){ \n#top #wrap_all .av-special-heading.av-av_heading-0bdddae2a34836f332a93bce1b1a762d .av-special-heading-tag{\nfont-size:0.8em;\n}\n}\n\n@media only screen and (max-width: 479px){ \n#top #wrap_all .av-special-heading.av-av_heading-0bdddae2a34836f332a93bce1b1a762d .av-special-heading-tag{\nfont-size:0.8em;\n}\n}\n<\/style>\n<div  class='av-special-heading av-av_heading-0bdddae2a34836f332a93bce1b1a762d av-special-heading-h1 blockquote modern-quote modern-centered  avia-builder-el-10  el_after_av_font_icon  avia-builder-el-last  av-inherit-size'><h1 class='av-special-heading-tag '  itemprop=\"headline\"  >Ubicaci\u00f3n<\/h1><div class=\"special-heading-border\"><div class=\"special-heading-inner-border\"><\/div><\/div><\/div><\/p><\/div>\n<style type=\"text\/css\" data-created_by=\"avia_inline_auto\" id=\"style-css-av-av_one_fourth-0aa7055fe62c3622faec82866afbaeb2\">\n.flex_column.av-av_one_fourth-0aa7055fe62c3622faec82866afbaeb2{\nborder-radius:0px 0px 0px 0px;\npadding:0px 0px 0px 0px;\n}\n<\/style>\n<div  class='flex_column av-av_one_fourth-0aa7055fe62c3622faec82866afbaeb2 av_one_fourth  avia-builder-el-11  el_after_av_one_fourth  avia-builder-el-last  flex_column_div av-zero-column-padding  '     ><p>\n<style type=\"text\/css\" data-created_by=\"avia_inline_auto\" id=\"style-css-av-av_font_icon-8cbc7dbac6fc64f6e0dd10327c21b60f\">\n.av_font_icon.av-av_font_icon-8cbc7dbac6fc64f6e0dd10327c21b60f{\ncolor:#c5baae;\nborder-color:#c5baae;\n}\n.avia-svg-icon.av-av_font_icon-8cbc7dbac6fc64f6e0dd10327c21b60f svg:first-child{\nstroke:#c5baae;\nfill:#c5baae;\n}\n.av_font_icon.av-av_font_icon-8cbc7dbac6fc64f6e0dd10327c21b60f .av-icon-char{\nfont-size:60px;\nline-height:60px;\n}\n<\/style>\n<span  class='av_font_icon av-av_font_icon-8cbc7dbac6fc64f6e0dd10327c21b60f avia_animate_when_visible av-icon-style- avia-icon-pos-center avia-iconfont avia-font-entypo-fontello avia-icon-animate'><span class='av-icon-char' data-av_icon='\ue806' data-av_iconfont='entypo-fontello' aria-hidden=\"true\" ><\/span><\/span><br \/>\n\n<style type=\"text\/css\" data-created_by=\"avia_inline_auto\" id=\"style-css-av-av_heading-3795f7c7b75a93c47a4f08a07b89c645\">\n#top .av-special-heading.av-av_heading-3795f7c7b75a93c47a4f08a07b89c645{\npadding-bottom:10px;\nfont-size:30px;\n}\nbody .av-special-heading.av-av_heading-3795f7c7b75a93c47a4f08a07b89c645 .av-special-heading-tag .heading-char{\nfont-size:25px;\n}\n#top #wrap_all .av-special-heading.av-av_heading-3795f7c7b75a93c47a4f08a07b89c645 .av-special-heading-tag{\nfont-size:30px;\n}\n.av-special-heading.av-av_heading-3795f7c7b75a93c47a4f08a07b89c645 .av-subheading{\nfont-size:15px;\n}\n\n@media only screen and (min-width: 480px) and (max-width: 767px){ \n#top #wrap_all .av-special-heading.av-av_heading-3795f7c7b75a93c47a4f08a07b89c645 .av-special-heading-tag{\nfont-size:0.8em;\n}\n}\n\n@media only screen and (max-width: 479px){ \n#top #wrap_all .av-special-heading.av-av_heading-3795f7c7b75a93c47a4f08a07b89c645 .av-special-heading-tag{\nfont-size:0.8em;\n}\n}\n<\/style>\n<div  class='av-special-heading av-av_heading-3795f7c7b75a93c47a4f08a07b89c645 av-special-heading-h1 blockquote modern-quote modern-centered  avia-builder-el-13  el_after_av_font_icon  avia-builder-el-last  av-inherit-size'><h1 class='av-special-heading-tag '  itemprop=\"headline\"  >Asociaci\u00f3n<\/h1><div class=\"special-heading-border\"><div class=\"special-heading-inner-border\"><\/div><\/div><\/div><\/p><\/div>\n\n<\/div><\/div><\/div><!-- close content main div --><\/div><\/div>\n<style type=\"text\/css\" data-created_by=\"avia_inline_auto\" id=\"style-css-av-av_section-35c02f6e72a6a9fcefa36ef23702c6dd\">\n.avia-section.av-av_section-35c02f6e72a6a9fcefa36ef23702c6dd .av-parallax .av-parallax-inner{\nbackground-repeat:no-repeat;\nbackground-image:url(https:\/\/www.torredeilamberti.it\/wp-content\/uploads\/R_UD8898-1500x1000.jpg);\nbackground-position:0% 50%;\nbackground-attachment:scroll;\n}\n.avia-section.av-av_section-35c02f6e72a6a9fcefa36ef23702c6dd .av-section-color-overlay{\nopacity:0.3;\nbackground-color:#ffffff;\n}\n<\/style>\n<div id='av_section_2'  class='avia-section av-av_section-35c02f6e72a6a9fcefa36ef23702c6dd main_color avia-section-huge avia-no-border-styling  avia-builder-el-14  el_after_av_section  avia-builder-el-last  avia-full-stretch av-parallax-section avia-bg-style-parallax av-section-color-overlay-active av-minimum-height av-minimum-height-75 av-height-75  container_wrap fullsize'  data-section-bg-repeat='stretch' data-av_minimum_height_pc='75' data-av_min_height_opt='75'><div class='av-parallax' data-avia-parallax-ratio='0.3' ><div class='av-parallax-inner main_color avia-full-stretch'><\/div><\/div><div class=\"av-section-color-overlay-wrap\"><div class=\"av-section-color-overlay\"><\/div><div class='container av-section-cont-open' ><div class='template-page content  av-content-full alpha units'><div class='post-entry post-entry-type-page post-entry-1343'><div class='entry-content-wrapper clearfix'>\n\n<style type=\"text\/css\" data-created_by=\"avia_inline_auto\" id=\"style-css-av-av_three_fifth-6126cab7d8fab8d08143dd2dacdf673c\">\n.flex_column.av-av_three_fifth-6126cab7d8fab8d08143dd2dacdf673c{\nborder-radius:0px 0px 0px 0px;\npadding:0px 0px 0px 0px;\n}\n<\/style>\n<div  class='flex_column av-av_three_fifth-6126cab7d8fab8d08143dd2dacdf673c av_three_fifth  avia-builder-el-15  el_before_av_two_fifth  avia-builder-el-first  first flex_column_div av-zero-column-padding  '     ><p>\n<style type=\"text\/css\" data-created_by=\"avia_inline_auto\" id=\"style-css-av-av_heading-b36bd8169fbbf18dff78b7bd9d9d1021\">\n#top .av-special-heading.av-av_heading-b36bd8169fbbf18dff78b7bd9d9d1021{\npadding-bottom:40px;\nfont-size:34px;\n}\nbody .av-special-heading.av-av_heading-b36bd8169fbbf18dff78b7bd9d9d1021 .av-special-heading-tag .heading-char{\nfont-size:25px;\n}\n#top #wrap_all .av-special-heading.av-av_heading-b36bd8169fbbf18dff78b7bd9d9d1021 .av-special-heading-tag{\nfont-size:34px;\n}\n.av-special-heading.av-av_heading-b36bd8169fbbf18dff78b7bd9d9d1021 .av-subheading{\nfont-size:15px;\n}\n\n@media only screen and (min-width: 480px) and (max-width: 767px){ \n#top #wrap_all .av-special-heading.av-av_heading-b36bd8169fbbf18dff78b7bd9d9d1021 .av-special-heading-tag{\nfont-size:0.8em;\n}\n}\n\n@media only screen and (max-width: 479px){ \n#top #wrap_all .av-special-heading.av-av_heading-b36bd8169fbbf18dff78b7bd9d9d1021 .av-special-heading-tag{\nfont-size:0.8em;\n}\n}\n<\/style>\n<div  class='av-special-heading av-av_heading-b36bd8169fbbf18dff78b7bd9d9d1021 av-special-heading-h1 blockquote modern-quote  avia-builder-el-16  el_before_av_textblock  avia-builder-el-first  av-thin-font av-inherit-size'><h1 class='av-special-heading-tag '  itemprop=\"headline\"  >Una <strong>torre<\/strong> \u00fanica para sus <strong>eventos<\/strong> en el sal\u00f3n m\u00e1s alto de <strong>Verona<\/strong>.<\/h1><div class=\"special-heading-border\"><div class=\"special-heading-inner-border\"><\/div><\/div><\/div><br \/>\n<section  class='av_textblock_section av-av_textblock-0366cc7376be6c9e82a3e9cc8987b64f '   itemscope=\"itemscope\" itemtype=\"https:\/\/schema.org\/CreativeWork\" ><div class='avia_textblock'  itemprop=\"text\" ><p>La <strong>Torre Lamberti<\/strong> es seguramente uno de los monumentos hist\u00f3ricos m\u00e1s famosos de Verona, pero no s\u00f3lo es eso.<br \/>\nGracias a la gesti\u00f3n de <strong>AGEC Ristorazione \u2013 Eventi<\/strong>, actualmente la torre del siglo XIII pasa de ser una meta tur\u00edstica a un extraordinario lugar reservado a las empresas.<br \/>\nEl abanico de oportunidades ofrecidas es realmente amplio: la <strong>Torre Lamberti<\/strong> se puede convertir en un aliado irremplazable para mostrar su empresa de manera original y espectacular con eventos exclusivos, grabaciones espectaculares o set fotogr\u00e1ficos asombrosos.<\/p>\n<\/div><\/section><br \/>\n<section  class='av_textblock_section av-av_textblock-0366cc7376be6c9e82a3e9cc8987b64f '   itemscope=\"itemscope\" itemtype=\"https:\/\/schema.org\/CreativeWork\" ><div class='avia_textblock'  itemprop=\"text\" ><p>P\u00f3ngase en contacto para recibir informaci\u00f3n:<br \/>\n(escriba a <a href=\"mailto:eventi@torredeilamberti.it\">eventi@torredeilamberti.it<\/a> o llame al +39 045 927 3027).<\/p>\n<\/div><\/section><br \/>\n<div  class='avia-slideshow av-khxbov3b-25d4640a964b11cec18d23eb58e0a959 avia-slideshow-featured_large av_slideshow avia-slide-slider  avia-builder-el-19  el_after_av_textblock  avia-builder-el-last  av-slideshow-ui av-control-default av-slideshow-manual av-loop-once av-loop-manual-endless av-default-height-applied avia-slideshow-2' data-slideshow-options=\"{&quot;animation&quot;:&quot;slide&quot;,&quot;autoplay&quot;:false,&quot;loop_autoplay&quot;:&quot;once&quot;,&quot;interval&quot;:5,&quot;loop_manual&quot;:&quot;manual-endless&quot;,&quot;autoplay_stopper&quot;:false,&quot;noNavigation&quot;:false,&quot;bg_slider&quot;:false,&quot;keep_padding&quot;:false,&quot;hoverpause&quot;:false,&quot;show_slide_delay&quot;:0}\"  itemprop=\"image\" itemscope=\"itemscope\" itemtype=\"https:\/\/schema.org\/ImageObject\" ><ul class='avia-slideshow-inner ' style='padding-bottom: 42%;'><li  class='avia-slideshow-slide av-khxbov3b-25d4640a964b11cec18d23eb58e0a959__0  slide-1 slide-odd'><div data-rel='slideshow-2' class='avia-slide-wrap '   ><img decoding=\"async\" fetchpriority=\"high\" class=\"wp-image-2421 avia-img-lazy-loading-not-2421\"  src=\"https:\/\/www.torredeilamberti.it\/wp-content\/uploads\/R_UD0215-1500x630.jpg\" width=\"1500\" height=\"630\" title='Bar banqueting Torre dei Lamberti' alt=''  itemprop=\"thumbnailUrl\"   \/><\/div><\/li><li  class='avia-slideshow-slide av-khxbov3b-25d4640a964b11cec18d23eb58e0a959__1  slide-2 slide-even'><div data-rel='slideshow-2' class='avia-slide-wrap '   ><img decoding=\"async\" fetchpriority=\"high\" class=\"wp-image-2441 avia-img-lazy-loading-not-2441\"  src=\"https:\/\/www.torredeilamberti.it\/wp-content\/uploads\/R_UD0344-1500x630.jpg\" width=\"1500\" height=\"630\" title='Tramonto Torre dei Lamberti' alt=''  itemprop=\"thumbnailUrl\"   \/><\/div><\/li><li  class='avia-slideshow-slide av-khxbov3b-25d4640a964b11cec18d23eb58e0a959__2  slide-3 slide-odd'><div data-rel='slideshow-2' class='avia-slide-wrap '   ><img decoding=\"async\" fetchpriority=\"high\" class=\"wp-image-2466 avia-img-lazy-loading-not-2466\"  src=\"https:\/\/www.torredeilamberti.it\/wp-content\/uploads\/R_UD0457-1-1500x630.jpg\" width=\"1500\" height=\"630\" title='Aperintorre piazza Erbe' alt=''  itemprop=\"thumbnailUrl\"   \/><\/div><\/li><li  class='avia-slideshow-slide av-khxbov3b-25d4640a964b11cec18d23eb58e0a959__3  slide-4 slide-even'><div data-rel='slideshow-2' class='avia-slide-wrap '   ><img decoding=\"async\" fetchpriority=\"high\" class=\"wp-image-2471 avia-img-lazy-loading-not-2471\"  src=\"https:\/\/www.torredeilamberti.it\/wp-content\/uploads\/R_UD526-1500x630.jpg\" width=\"1500\" height=\"630\" title='Aperintorre allestimenti' alt=''  itemprop=\"thumbnailUrl\"   \/><\/div><\/li><\/ul><div class='avia-slideshow-arrows avia-slideshow-controls' ><a href='#prev' class='prev-slide  avia-svg-icon avia-font-svg_entypo-fontello' data-av_svg_icon='left-open-big' data-av_iconset='svg_entypo-fontello' tabindex='-1' title=\"Anterior\"><svg version=\"1.1\" xmlns=\"http:\/\/www.w3.org\/2000\/svg\" width=\"15\" height=\"32\" viewBox=\"0 0 15 32\" preserveAspectRatio=\"xMidYMid meet\" aria-labelledby='av-svg-title-1' aria-describedby='av-svg-desc-1' role=\"graphics-symbol\" aria-hidden=\"true\">\n<title id='av-svg-title-1'>Anterior<\/title>\n<desc id='av-svg-desc-1'>Anterior<\/desc>\n<path d=\"M14.464 27.84q0.832 0.832 0 1.536-0.832 0.832-1.536 0l-12.544-12.608q-0.768-0.768 0-1.6l12.544-12.608q0.704-0.832 1.536 0 0.832 0.704 0 1.536l-11.456 11.904z\"><\/path>\n<\/svg><span class='avia_hidden_link_text'>Anterior<\/span><\/a><a href='#next' class='next-slide  avia-svg-icon avia-font-svg_entypo-fontello' data-av_svg_icon='right-open-big' data-av_iconset='svg_entypo-fontello' tabindex='-1' title=\"Posterior\"><svg version=\"1.1\" xmlns=\"http:\/\/www.w3.org\/2000\/svg\" width=\"15\" height=\"32\" viewBox=\"0 0 15 32\" preserveAspectRatio=\"xMidYMid meet\" aria-labelledby='av-svg-title-2' aria-describedby='av-svg-desc-2' role=\"graphics-symbol\" aria-hidden=\"true\">\n<title id='av-svg-title-2'>Posterior<\/title>\n<desc id='av-svg-desc-2'>Posterior<\/desc>\n<path d=\"M0.416 27.84l11.456-11.84-11.456-11.904q-0.832-0.832 0-1.536 0.832-0.832 1.536 0l12.544 12.608q0.768 0.832 0 1.6l-12.544 12.608q-0.704 0.832-1.536 0-0.832-0.704 0-1.536z\"><\/path>\n<\/svg><span class='avia_hidden_link_text'>Posterior<\/span><\/a><\/div><div class='avia-slideshow-dots avia-slideshow-controls'><a href='#1' class='goto-slide active' >1<\/a><a href='#2' class='goto-slide ' >2<\/a><a href='#3' class='goto-slide ' >3<\/a><a href='#4' class='goto-slide ' >4<\/a><\/div><\/div><\/p><\/div>\n<style type=\"text\/css\" data-created_by=\"avia_inline_auto\" id=\"style-css-av-av_two_fifth-0aa7055fe62c3622faec82866afbaeb2\">\n.flex_column.av-av_two_fifth-0aa7055fe62c3622faec82866afbaeb2{\nborder-radius:0px 0px 0px 0px;\npadding:0px 0px 0px 0px;\n}\n<\/style>\n<div  class='flex_column av-av_two_fifth-0aa7055fe62c3622faec82866afbaeb2 av_two_fifth  avia-builder-el-20  el_after_av_three_fifth  avia-builder-el-last  flex_column_div av-zero-column-padding  '     ><\/div>\n","protected":false},"excerpt":{"rendered":"","protected":false},"author":1,"featured_media":0,"parent":0,"menu_order":0,"comment_status":"open","ping_status":"open","template":"","meta":{"footnotes":""},"class_list":["post-1343","page","type-page","status-publish","hentry"],"_links":{"self":[{"href":"https:\/\/www.torredeilamberti.it\/es\/wp-json\/wp\/v2\/pages\/1343","targetHints":{"allow":["GET"]}}],"collection":[{"href":"https:\/\/www.torredeilamberti.it\/es\/wp-json\/wp\/v2\/pages"}],"about":[{"href":"https:\/\/www.torredeilamberti.it\/es\/wp-json\/wp\/v2\/types\/page"}],"author":[{"embeddable":true,"href":"https:\/\/www.torredeilamberti.it\/es\/wp-json\/wp\/v2\/users\/1"}],"replies":[{"embeddable":true,"href":"https:\/\/www.torredeilamberti.it\/es\/wp-json\/wp\/v2\/comments?post=1343"}],"version-history":[{"count":5,"href":"https:\/\/www.torredeilamberti.it\/es\/wp-json\/wp\/v2\/pages\/1343\/revisions"}],"predecessor-version":[{"id":4238,"href":"https:\/\/www.torredeilamberti.it\/es\/wp-json\/wp\/v2\/pages\/1343\/revisions\/4238"}],"wp:attachment":[{"href":"https:\/\/www.torredeilamberti.it\/es\/wp-json\/wp\/v2\/media?parent=1343"}],"curies":[{"name":"wp","href":"https:\/\/api.w.org\/{rel}","templated":true}]}}