{"id":1347,"date":"2015-02-22T19:56:18","date_gmt":"2015-02-22T18:56:18","guid":{"rendered":"http:\/\/torredeilamberti.it\/around\/?lang=es"},"modified":"2025-02-24T10:54:56","modified_gmt":"2025-02-24T09:54:56","slug":"alrededores","status":"publish","type":"page","link":"https:\/\/www.torredeilamberti.it\/es\/alrededores\/","title":{"rendered":"Alrededores"},"content":{"rendered":"<div id='full_slider_1'  class='avia-fullwidth-slider main_color avia-shadow   avia-builder-el-0  el_before_av_heading  avia-builder-el-first   container_wrap fullsize'  >\n<style type=\"text\/css\" data-created_by=\"avia_inline_auto\" id=\"style-css-av-av_slideshow_full-d232127d8c461a24a6ee67c7f01c1f21\">\n#top #wrap_all .avia-slideshow .av-slideshow-caption.av-av_slideshow_full-d232127d8c461a24a6ee67c7f01c1f21__0 .avia-caption-title{\nfont-size:40px;\n}\n#top .avia-slideshow .av-slideshow-caption.av-av_slideshow_full-d232127d8c461a24a6ee67c7f01c1f21__0 .avia-caption-content{\nfont-size:30px;\n}\n#top .avia-slideshow .av-slideshow-caption.av-av_slideshow_full-d232127d8c461a24a6ee67c7f01c1f21__0 .avia-caption-content p{\nfont-size:30px;\n}\n<\/style>\n<div  class='avia-slideshow av-av_slideshow_full-d232127d8c461a24a6ee67c7f01c1f21 avia-slideshow-featured av_slideshow_full avia-slide-slider av-slideshow-ui av-control-default av-slideshow-manual av-loop-once av-loop-manual-endless av-default-height-applied   avia-slideshow-1' data-slideshow-options=\"{&quot;animation&quot;:&quot;slide&quot;,&quot;autoplay&quot;:false,&quot;loop_autoplay&quot;:&quot;once&quot;,&quot;interval&quot;:5,&quot;loop_manual&quot;:&quot;manual-endless&quot;,&quot;autoplay_stopper&quot;:false,&quot;noNavigation&quot;:false,&quot;bg_slider&quot;:false,&quot;keep_padding&quot;:false,&quot;hoverpause&quot;:false,&quot;show_slide_delay&quot;:0}\"  itemprop=\"image\" itemscope=\"itemscope\" itemtype=\"https:\/\/schema.org\/ImageObject\" ><ul class='avia-slideshow-inner ' style='padding-bottom: 28.666666666667%;'><li  class='avia-slideshow-slide av-av_slideshow_full-d232127d8c461a24a6ee67c7f01c1f21__0  av-single-slide slide-1 slide-odd'><div data-rel='slideshow-1' class='avia-slide-wrap '   ><img decoding=\"async\" fetchpriority=\"high\" class=\"wp-image-2186 avia-img-lazy-loading-not-2186\"  src=\"https:\/\/www.torredeilamberti.it\/wp-content\/uploads\/DSCF8455-1500x430.jpg\" width=\"1500\" height=\"430\" title='Scalinata Torre dei Lamberti' alt=''  itemprop=\"thumbnailUrl\"   \/><\/div><\/li><\/ul><div class='av-slideshow-caption av-av_slideshow_full-d232127d8c461a24a6ee67c7f01c1f21__0 caption_fullwidth caption_left'><div class=\"container caption_container\"><div class=\"slideshow_caption\"><div class=\"slideshow_inner_caption\"><div class=\"slideshow_align_caption\"><h2 class='avia-caption-title '  itemprop=\"name\" >Un paseo por la historia<\/h2><\/div><\/div><\/div><\/div><\/div><\/div><\/div><div id='after_full_slider_1'  class='main_color av_default_container_wrap container_wrap fullsize'  ><div class='container av-section-cont-open' ><div class='template-page content  av-content-full alpha units'><div class='post-entry post-entry-type-page post-entry-1347'><div class='entry-content-wrapper clearfix'>\n\n<style type=\"text\/css\" data-created_by=\"avia_inline_auto\" id=\"style-css-av-av_heading-62ad70ba1927f4d883b38bd26d1c5aeb\">\n#top .av-special-heading.av-av_heading-62ad70ba1927f4d883b38bd26d1c5aeb{\npadding-bottom:10px;\nfont-size:34px;\n}\nbody .av-special-heading.av-av_heading-62ad70ba1927f4d883b38bd26d1c5aeb .av-special-heading-tag .heading-char{\nfont-size:25px;\n}\n#top #wrap_all .av-special-heading.av-av_heading-62ad70ba1927f4d883b38bd26d1c5aeb .av-special-heading-tag{\nfont-size:34px;\n}\n.av-special-heading.av-av_heading-62ad70ba1927f4d883b38bd26d1c5aeb .av-subheading{\nfont-size:15px;\n}\n\n@media only screen and (min-width: 480px) and (max-width: 767px){ \n#top #wrap_all .av-special-heading.av-av_heading-62ad70ba1927f4d883b38bd26d1c5aeb .av-special-heading-tag{\nfont-size:0.8em;\n}\n}\n\n@media only screen and (max-width: 479px){ \n#top #wrap_all .av-special-heading.av-av_heading-62ad70ba1927f4d883b38bd26d1c5aeb .av-special-heading-tag{\nfont-size:0.8em;\n}\n}\n<\/style>\n<div  class='av-special-heading av-av_heading-62ad70ba1927f4d883b38bd26d1c5aeb av-special-heading-h1 blockquote modern-quote modern-centered  avia-builder-el-1  el_after_av_slideshow_full  el_before_av_one_full  avia-builder-el-first  av-thin-font av-inherit-size'><h1 class='av-special-heading-tag '  itemprop=\"headline\"  ><strong>La torre <\/strong> y sus alrededores.<\/h1><div class=\"special-heading-border\"><div class=\"special-heading-inner-border\"><\/div><\/div><\/div>\n<div  class='flex_column av-av_one_full-937dcf081e8fa05e70dc94033b37c90d av_one_full  avia-builder-el-2  el_after_av_heading  avia-builder-el-last  first flex_column_div  '     ><p><section  class='av_textblock_section av-av_textblock-0366cc7376be6c9e82a3e9cc8987b64f '   itemscope=\"itemscope\" itemtype=\"https:\/\/schema.org\/CreativeWork\" ><div class='avia_textblock'  itemprop=\"text\" ><p>La Torre Lamberti se encuentra en el coraz\u00f3n del casco antiguo de Verona. Un punto de partida extraordinario donde recorrer los dos milenios de historia de la ciudad, desde las conquistas de la se\u00f1or\u00eda escal\u00edgera y las glorias del imperio romano hasta llegar a los lugares del mito de Romeo y Julieta.<\/p>\n<\/div><\/section><br \/>\n\n<style type=\"text\/css\" data-created_by=\"avia_inline_auto\" id=\"style-css-av-av_hr-3a876428eececa9d35452247ddb053af\">\n#top .hr.hr-invisible.av-av_hr-3a876428eececa9d35452247ddb053af{\nheight:50px;\n}\n<\/style>\n<div  class='hr av-av_hr-3a876428eececa9d35452247ddb053af hr-invisible  avia-builder-el-4  el_after_av_textblock  el_before_av_textblock '><span class='hr-inner '><span class=\"hr-inner-style\"><\/span><\/span><\/div><br \/>\n<section  class='av_textblock_section av-m7evdnbo-34c186d503a25ab17e5df0b8f571b410 '   itemscope=\"itemscope\" itemtype=\"https:\/\/schema.org\/CreativeWork\" ><div class='avia_textblock'  itemprop=\"text\" ><h3 style=\"text-align: center;\">El tour de 360\u00b0 de Verona comienza desde el edificio hist\u00f3rico m\u00e1s alto de la ciudad: disfruta del viaje por la historia.<\/h3>\n<\/div><\/section><br \/>\n\n<style type=\"text\/css\" data-created_by=\"avia_inline_auto\" id=\"style-css-av-av_hr-82f5be0ae0af6a64fe3091010b237709\">\n#top .hr.hr-invisible.av-av_hr-82f5be0ae0af6a64fe3091010b237709{\nheight:20px;\n}\n<\/style>\n<div  class='hr av-av_hr-82f5be0ae0af6a64fe3091010b237709 hr-invisible  avia-builder-el-6  el_after_av_textblock  el_before_av_video '><span class='hr-inner '><span class=\"hr-inner-style\"><\/span><\/span><\/div><br \/>\n<div  class='avia-video av-m7ivrl3w-fb94007b0f8b0f83d6d9b56b25d4f2bf avia-video-16-9 av-no-preview-image avia-video-load-always av-lazyload-immediate av-lazyload-video-embed'  itemprop=\"video\" itemtype=\"https:\/\/schema.org\/VideoObject\"  data-original_url='https:\/\/www.youtube.com\/watch?v=PGfRnNd3xJk'><script type='text\/html' class='av-video-tmpl'><div class='avia-iframe-wrap'><iframe loading=\"lazy\" title=\"Tour video 360 | Torre dei Lamberti | Agec\" width=\"1500\" height=\"844\" src=\"https:\/\/www.youtube.com\/embed\/PGfRnNd3xJk?feature=oembed&autoplay=0&loop=0&controls=1&mute=0\" frameborder=\"0\" allow=\"accelerometer; autoplay; clipboard-write; encrypted-media; gyroscope; picture-in-picture; web-share\" referrerpolicy=\"strict-origin-when-cross-origin\" allowfullscreen><\/iframe><\/div><\/script><div class='av-click-to-play-overlay'><div class=\"avia_playpause_icon\"><\/div><\/div><\/div><br \/>\n<section  class='av_textblock_section av-m7evdxf7-79cd62317230babed5ee3c039aafae6d '   itemscope=\"itemscope\" itemtype=\"https:\/\/schema.org\/CreativeWork\" ><div class='avia_textblock'  itemprop=\"text\" ><p style=\"text-align: center;\">Para una mejor experiencia, te recomendamos seleccionar la m\u00e1xima resoluci\u00f3n en la configuraci\u00f3n del video.<\/p>\n<\/div><\/section><\/p><\/div>\n","protected":false},"excerpt":{"rendered":"","protected":false},"author":1,"featured_media":0,"parent":0,"menu_order":0,"comment_status":"open","ping_status":"open","template":"","meta":{"footnotes":""},"class_list":["post-1347","page","type-page","status-publish","hentry"],"_links":{"self":[{"href":"https:\/\/www.torredeilamberti.it\/es\/wp-json\/wp\/v2\/pages\/1347","targetHints":{"allow":["GET"]}}],"collection":[{"href":"https:\/\/www.torredeilamberti.it\/es\/wp-json\/wp\/v2\/pages"}],"about":[{"href":"https:\/\/www.torredeilamberti.it\/es\/wp-json\/wp\/v2\/types\/page"}],"author":[{"embeddable":true,"href":"https:\/\/www.torredeilamberti.it\/es\/wp-json\/wp\/v2\/users\/1"}],"replies":[{"embeddable":true,"href":"https:\/\/www.torredeilamberti.it\/es\/wp-json\/wp\/v2\/comments?post=1347"}],"version-history":[{"count":7,"href":"https:\/\/www.torredeilamberti.it\/es\/wp-json\/wp\/v2\/pages\/1347\/revisions"}],"predecessor-version":[{"id":4259,"href":"https:\/\/www.torredeilamberti.it\/es\/wp-json\/wp\/v2\/pages\/1347\/revisions\/4259"}],"wp:attachment":[{"href":"https:\/\/www.torredeilamberti.it\/es\/wp-json\/wp\/v2\/media?parent=1347"}],"curies":[{"name":"wp","href":"https:\/\/api.w.org\/{rel}","templated":true}]}}