{"id":1351,"date":"2015-02-22T20:09:33","date_gmt":"2015-02-22T19:09:33","guid":{"rendered":"http:\/\/torredeilamberti.it\/biglietteria\/?lang=es"},"modified":"2025-07-25T14:07:54","modified_gmt":"2025-07-25T12:07:54","slug":"taquilla","status":"publish","type":"page","link":"https:\/\/www.torredeilamberti.it\/es\/taquilla\/","title":{"rendered":"Taquilla"},"content":{"rendered":"<div id='full_slider_1'  class='avia-fullwidth-slider main_color avia-shadow   avia-builder-el-0  el_before_av_section  avia-builder-el-first   container_wrap fullsize'  >\n<style type=\"text\/css\" data-created_by=\"avia_inline_auto\" id=\"style-css-av-av_slideshow_full-d232127d8c461a24a6ee67c7f01c1f21\">\n#top #wrap_all .avia-slideshow .av-slideshow-caption.av-av_slideshow_full-d232127d8c461a24a6ee67c7f01c1f21__0 .avia-caption-title{\nfont-size:40px;\n}\n#top .avia-slideshow .av-slideshow-caption.av-av_slideshow_full-d232127d8c461a24a6ee67c7f01c1f21__0 .avia-caption-content{\nfont-size:30px;\n}\n#top .avia-slideshow .av-slideshow-caption.av-av_slideshow_full-d232127d8c461a24a6ee67c7f01c1f21__0 .avia-caption-content p{\nfont-size:30px;\n}\n<\/style>\n<div  class='avia-slideshow av-av_slideshow_full-d232127d8c461a24a6ee67c7f01c1f21 avia-slideshow-featured av_slideshow_full avia-slide-slider av-slideshow-ui av-control-default av-slideshow-manual av-loop-once av-loop-manual-endless av-default-height-applied   avia-slideshow-1' data-slideshow-options=\"{&quot;animation&quot;:&quot;slide&quot;,&quot;autoplay&quot;:false,&quot;loop_autoplay&quot;:&quot;once&quot;,&quot;interval&quot;:5,&quot;loop_manual&quot;:&quot;manual-endless&quot;,&quot;autoplay_stopper&quot;:false,&quot;noNavigation&quot;:false,&quot;bg_slider&quot;:false,&quot;keep_padding&quot;:false,&quot;hoverpause&quot;:false,&quot;show_slide_delay&quot;:0}\"  itemprop=\"image\" itemscope=\"itemscope\" itemtype=\"https:\/\/schema.org\/ImageObject\" ><ul class='avia-slideshow-inner ' style='padding-bottom: 28.666666666667%;'><li  class='avia-slideshow-slide av-av_slideshow_full-d232127d8c461a24a6ee67c7f01c1f21__0  av-single-slide slide-1 slide-odd'><div data-rel='slideshow-1' class='avia-slide-wrap '   ><img decoding=\"async\" fetchpriority=\"high\" class=\"wp-image-2191 avia-img-lazy-loading-not-2191\"  src=\"https:\/\/www.torredeilamberti.it\/wp-content\/uploads\/R_UD9763-1500x430.jpg\" width=\"1500\" height=\"430\" title='Biglietteria Torre dei Lamberti Palazzo della Ragione' alt=''  itemprop=\"thumbnailUrl\"   \/><\/div><\/li><\/ul><div class='av-slideshow-caption av-av_slideshow_full-d232127d8c461a24a6ee67c7f01c1f21__0 caption_fullwidth caption_left'><div class=\"container caption_container\"><div class=\"slideshow_caption\"><div class=\"slideshow_inner_caption\"><div class=\"slideshow_align_caption\"><h2 class='avia-caption-title '  itemprop=\"name\" >\u00bfCu\u00e1ndo y cu\u00e1nto?<\/h2><\/div><\/div><\/div><\/div><\/div><\/div><\/div>\n\n<style type=\"text\/css\" data-created_by=\"avia_inline_auto\" id=\"style-css-av-av_section-841f5cd40f3f634ac8f0c643c7240f78\">\n.avia-section.av-av_section-841f5cd40f3f634ac8f0c643c7240f78{\nbackground-color:#e7ded3;\nbackground-image:unset;\n}\n.avia-section.av-av_section-841f5cd40f3f634ac8f0c643c7240f78 .av-section-color-overlay{\nopacity:0.5;\nbackground-image:url(https:\/\/www.torredeilamberti.it\/wp-content\/themes\/enfold\/images\/background-images\/noise-for-dark-background.png);\nbackground-repeat:repeat;\n}\n<\/style>\n<div id='av_section_1'  class='avia-section av-av_section-841f5cd40f3f634ac8f0c643c7240f78 main_color avia-section-huge avia-no-border-styling  avia-builder-el-1  el_after_av_slideshow_full  el_before_av_section  avia-bg-style-scroll av-section-color-overlay-active container_wrap fullsize'  ><div class=\"av-section-color-overlay-wrap\"><div class=\"av-section-color-overlay\"><\/div><div class='container av-section-cont-open' ><div class='template-page content  av-content-full alpha units'><div class='post-entry post-entry-type-page post-entry-1351'><div class='entry-content-wrapper clearfix'>\n<section  class='av_textblock_section av-kte36dzm-e66db1faead444948253ab5e162bf9a2 '   itemscope=\"itemscope\" itemtype=\"https:\/\/schema.org\/CreativeWork\" ><div class='avia_textblock'  itemprop=\"text\" ><h3 style=\"text-align: center;\">Se recomienda reservar para acceder al monumento, que se puede hacer por correo electr\u00f3nico escribiendo a torredeilamberti@agec.it o llamando al 045 9273027 de lunes a viernes de 10:15 a 17:15, s\u00e1bados, domingos y festivos de 11:15 a 18:15.<\/h3>\n<\/div><\/section>\n<div  class='flex_column av-av_one_half-2a9015ff38129c418a3f2eafba3e9512 av_one_half  avia-builder-el-3  el_after_av_textblock  el_before_av_one_half  first flex_column_div  column-top-margin'     ><section  class='av_textblock_section av-kudt7raw-5f67a001230314edec7203d8597e4167 '   itemscope=\"itemscope\" itemtype=\"https:\/\/schema.org\/CreativeWork\" ><div class='avia_textblock'  itemprop=\"text\" ><h2 style=\"text-align: right;\">Precio de la entrada<\/h2>\n<p style=\"text-align: right;\">Entero 6,00 \u20ac<\/p>\n<p style=\"text-align: right;\">* Reducido 4,50 \u20ac<\/p>\n<p style=\"text-align: right;\">** Reducido 1,00 \u20ac<\/p>\n<p style=\"text-align: right;\">*** Gratuito<\/p>\n<\/div><\/section><\/div>\n<style type=\"text\/css\" data-created_by=\"avia_inline_auto\" id=\"style-css-av-av_one_half-0aa7055fe62c3622faec82866afbaeb2\">\n.flex_column.av-av_one_half-0aa7055fe62c3622faec82866afbaeb2{\nborder-radius:0px 0px 0px 0px;\npadding:0px 0px 0px 0px;\n}\n<\/style>\n<div  class='flex_column av-av_one_half-0aa7055fe62c3622faec82866afbaeb2 av_one_half  avia-builder-el-5  el_after_av_one_half  avia-builder-el-last  flex_column_div av-zero-column-padding  column-top-margin'     ><section  class='av_textblock_section av-m06dzoxx-6ad6f0f9450e5f136b240a14859c34cc '   itemscope=\"itemscope\" itemtype=\"https:\/\/schema.org\/CreativeWork\" ><div class='avia_textblock'  itemprop=\"text\" ><h2>Horario de apertura<\/h2>\n<p>De lunes a viernes 10.00 \u2013 18.00<\/p>\n<p>S\u00e1bado, Domingo y festivos 11.00 \u2013 19.00<\/p>\n<p>\u00daltima entrada 45 minutos antes del cierre.<br \/>\nLa taquilla y la librer\u00eda cierran 45 minutos antes del cierre.<\/p>\n<\/div><\/section><br \/>\n\n<style type=\"text\/css\" data-created_by=\"avia_inline_auto\" id=\"style-css-av-av_hr-ee2847e2e025ce3d30801259a03f9fd4\">\n#top .hr.hr-invisible.av-av_hr-ee2847e2e025ce3d30801259a03f9fd4{\nheight:10px;\n}\n<\/style>\n<div  class='hr av-av_hr-ee2847e2e025ce3d30801259a03f9fd4 hr-invisible  avia-builder-el-7  el_after_av_textblock  avia-builder-el-last '><span class='hr-inner '><span class=\"hr-inner-style\"><\/span><\/span><\/div><\/p><\/div><\/div><\/div><\/div><!-- close content main div --><\/div><\/div><\/div>\n<style type=\"text\/css\" data-created_by=\"avia_inline_auto\" id=\"style-css-av-av_section-4bbec98767ba621563ca4743d4377bb7\">\n.avia-section.av-av_section-4bbec98767ba621563ca4743d4377bb7 .av-extra-border-element .av-extra-border-inner{\nbackground-color:#ffffff;\n}\n<\/style>\n<div id='av_section_2'  class='avia-section av-av_section-4bbec98767ba621563ca4743d4377bb7 main_color avia-section-huge avia-no-border-styling  avia-builder-el-8  el_after_av_section  avia-builder-el-last  avia-bg-style-scroll av-arrow-down-section container_wrap fullsize'  ><div class='container av-section-cont-open' ><div class='template-page content  av-content-full alpha units'><div class='post-entry post-entry-type-page post-entry-1351'><div class='entry-content-wrapper clearfix'>\n\n<style type=\"text\/css\" data-created_by=\"avia_inline_auto\" id=\"style-css-av-av_one_third-6126cab7d8fab8d08143dd2dacdf673c\">\n.flex_column.av-av_one_third-6126cab7d8fab8d08143dd2dacdf673c{\nborder-radius:0px 0px 0px 0px;\npadding:0px 0px 0px 0px;\n}\n<\/style>\n<div  class='flex_column av-av_one_third-6126cab7d8fab8d08143dd2dacdf673c av_one_third  avia-builder-el-9  el_before_av_one_third  avia-builder-el-first  first flex_column_div av-zero-column-padding  '     ><p>\n<style type=\"text\/css\" data-created_by=\"avia_inline_auto\" id=\"style-css-av-av_font_icon-899c547eb31a32ef3c1db9b7fd1311ea\">\n.av_font_icon.av-av_font_icon-899c547eb31a32ef3c1db9b7fd1311ea{\ncolor:#222222;\nborder-color:#222222;\n}\n.avia-svg-icon.av-av_font_icon-899c547eb31a32ef3c1db9b7fd1311ea svg:first-child{\nstroke:#222222;\nfill:#222222;\n}\n.av_font_icon.av-av_font_icon-899c547eb31a32ef3c1db9b7fd1311ea .av-icon-char{\nfont-size:40px;\nline-height:40px;\n}\n<\/style>\n<span  class='av_font_icon av-av_font_icon-899c547eb31a32ef3c1db9b7fd1311ea avia_animate_when_visible av-icon-style- avia-icon-pos-center avia-iconfont avia-font-entypo-fontello avia-icon-animate'><span class='av-icon-char' data-av_icon='\ue849' data-av_iconfont='entypo-fontello' aria-hidden=\"true\" ><\/span><\/span><br \/>\n\n<style type=\"text\/css\" data-created_by=\"avia_inline_auto\" id=\"style-css-av-kw0emkei-ea0c22a78d14c777c274889b14a34fc2\">\n#top .av-special-heading.av-kw0emkei-ea0c22a78d14c777c274889b14a34fc2{\npadding-bottom:40px;\nfont-size:24px;\n}\nbody .av-special-heading.av-kw0emkei-ea0c22a78d14c777c274889b14a34fc2 .av-special-heading-tag .heading-char{\nfont-size:25px;\n}\n#top #wrap_all .av-special-heading.av-kw0emkei-ea0c22a78d14c777c274889b14a34fc2 .av-special-heading-tag{\nfont-size:24px;\n}\n.av-special-heading.av-kw0emkei-ea0c22a78d14c777c274889b14a34fc2 .av-subheading{\nfont-size:15px;\n}\n\n@media only screen and (min-width: 480px) and (max-width: 767px){ \n#top #wrap_all .av-special-heading.av-kw0emkei-ea0c22a78d14c777c274889b14a34fc2 .av-special-heading-tag{\nfont-size:0.8em;\n}\n}\n\n@media only screen and (max-width: 479px){ \n#top #wrap_all .av-special-heading.av-kw0emkei-ea0c22a78d14c777c274889b14a34fc2 .av-special-heading-tag{\nfont-size:0.8em;\n}\n}\n<\/style>\n<div  class='av-special-heading av-kw0emkei-ea0c22a78d14c777c274889b14a34fc2 av-special-heading-h2 blockquote modern-quote  avia-builder-el-11  el_after_av_font_icon  el_before_av_textblock  av-inherit-size'><h2 class='av-special-heading-tag '  itemprop=\"headline\"  >* Entrada reducida \u20ac 4,50<\/h2><div class=\"special-heading-border\"><div class=\"special-heading-inner-border\"><\/div><\/div><\/div><br \/>\n<section  class='av_textblock_section av-kw0eost4-d0d7e919e34c2d6ec5fa279cbde6353b '   itemscope=\"itemscope\" itemtype=\"https:\/\/schema.org\/CreativeWork\" ><div class='avia_textblock'  itemprop=\"text\" ><ul>\n<li>GRUPOS DE 15 PERSONAS<\/li>\n<li>SENIOR 60 A\u00d1OS<\/li>\n<li>CHICOS DE 8-14 A\u00d1OS<\/li>\n<li>UNIVERSIDAD DE LA TERCERA EDAD<\/li>\n<li><span class=\"VIiyi\" lang=\"es\"><span class=\"JLqJ4b ChMk0b\" data-language-for-alternatives=\"es\" data-language-to-translate-into=\"it\" data-phrase-index=\"0\" data-number-of-phrases=\"5\">TARJETA PROVINCIA DE VERONA<\/span><\/span><\/li>\n<li><span class=\"VIiyi\" lang=\"es\"><span class=\"JLqJ4b ChMk0b\" data-language-for-alternatives=\"es\" data-language-to-translate-into=\"it\" data-phrase-index=\"2\" data-number-of-phrases=\"5\">EJ\u00c9RCITO ITALIANO<\/span><\/span><\/li>\n<li><span class=\"VIiyi\" lang=\"es\"><span class=\"JLqJ4b ChMk0b\" data-language-for-alternatives=\"es\" data-language-to-translate-into=\"it\" data-phrase-index=\"4\" data-number-of-phrases=\"5\">VOLUNTARIOS DEL SERVICIO CIVIL NACIONAL<\/span><\/span><\/li>\n<li>ESTUDIANTES DE 14-30 A\u00d1OS EXHIBIENDO LA SCHOOL O UNIVERSITY CARD<\/li>\n<\/ul>\n<\/div><\/section><\/p><\/div>\n<style type=\"text\/css\" data-created_by=\"avia_inline_auto\" id=\"style-css-av-av_one_third-0aa7055fe62c3622faec82866afbaeb2\">\n.flex_column.av-av_one_third-0aa7055fe62c3622faec82866afbaeb2{\nborder-radius:0px 0px 0px 0px;\npadding:0px 0px 0px 0px;\n}\n<\/style>\n<div  class='flex_column av-av_one_third-0aa7055fe62c3622faec82866afbaeb2 av_one_third  avia-builder-el-13  el_after_av_one_third  el_before_av_one_third  flex_column_div av-zero-column-padding  '     ><p>\n<style type=\"text\/css\" data-created_by=\"avia_inline_auto\" id=\"style-css-av-av_font_icon-899c547eb31a32ef3c1db9b7fd1311ea\">\n.av_font_icon.av-av_font_icon-899c547eb31a32ef3c1db9b7fd1311ea{\ncolor:#222222;\nborder-color:#222222;\n}\n.avia-svg-icon.av-av_font_icon-899c547eb31a32ef3c1db9b7fd1311ea svg:first-child{\nstroke:#222222;\nfill:#222222;\n}\n.av_font_icon.av-av_font_icon-899c547eb31a32ef3c1db9b7fd1311ea .av-icon-char{\nfont-size:40px;\nline-height:40px;\n}\n<\/style>\n<span  class='av_font_icon av-av_font_icon-899c547eb31a32ef3c1db9b7fd1311ea avia_animate_when_visible av-icon-style- avia-icon-pos-center avia-iconfont avia-font-entypo-fontello avia-icon-animate'><span class='av-icon-char' data-av_icon='\ue849' data-av_iconfont='entypo-fontello' aria-hidden=\"true\" ><\/span><\/span><br \/>\n\n<style type=\"text\/css\" data-created_by=\"avia_inline_auto\" id=\"style-css-av-av_heading-8ac500b267d6b9b9c90cd1eb2c8831dd\">\n#top .av-special-heading.av-av_heading-8ac500b267d6b9b9c90cd1eb2c8831dd{\npadding-bottom:40px;\nfont-size:24px;\n}\nbody .av-special-heading.av-av_heading-8ac500b267d6b9b9c90cd1eb2c8831dd .av-special-heading-tag .heading-char{\nfont-size:25px;\n}\n#top #wrap_all .av-special-heading.av-av_heading-8ac500b267d6b9b9c90cd1eb2c8831dd .av-special-heading-tag{\nfont-size:24px;\n}\n.av-special-heading.av-av_heading-8ac500b267d6b9b9c90cd1eb2c8831dd .av-subheading{\nfont-size:15px;\n}\n\n@media only screen and (min-width: 480px) and (max-width: 767px){ \n#top #wrap_all .av-special-heading.av-av_heading-8ac500b267d6b9b9c90cd1eb2c8831dd .av-special-heading-tag{\nfont-size:0.8em;\n}\n}\n\n@media only screen and (max-width: 479px){ \n#top #wrap_all .av-special-heading.av-av_heading-8ac500b267d6b9b9c90cd1eb2c8831dd .av-special-heading-tag{\nfont-size:0.8em;\n}\n}\n<\/style>\n<div  class='av-special-heading av-av_heading-8ac500b267d6b9b9c90cd1eb2c8831dd av-special-heading-h2 blockquote modern-quote  avia-builder-el-15  el_after_av_font_icon  el_before_av_textblock  av-inherit-size'><h2 class='av-special-heading-tag '  itemprop=\"headline\"  >** Entrada reducida \u20ac 1,00<\/h2><div class=\"special-heading-border\"><div class=\"special-heading-inner-border\"><\/div><\/div><\/div><br \/>\n<section  class='av_textblock_section av-kw0enl2h-58fe1eb039a358baf937f6f41bca197b '   itemscope=\"itemscope\" itemtype=\"https:\/\/schema.org\/CreativeWork\" ><div class='avia_textblock'  itemprop=\"text\" ><ul>\n<li>GRUPOS ESCOLARES<\/li>\n<li>USO DEL ASCENSOR PARA LOS QUE POSEAN LA VERONA CARD<\/li>\n<\/ul>\n<\/div><\/section><\/p><\/div>\n<style type=\"text\/css\" data-created_by=\"avia_inline_auto\" id=\"style-css-av-av_one_third-0aa7055fe62c3622faec82866afbaeb2\">\n.flex_column.av-av_one_third-0aa7055fe62c3622faec82866afbaeb2{\nborder-radius:0px 0px 0px 0px;\npadding:0px 0px 0px 0px;\n}\n<\/style>\n<div  class='flex_column av-av_one_third-0aa7055fe62c3622faec82866afbaeb2 av_one_third  avia-builder-el-17  el_after_av_one_third  el_before_av_one_full  flex_column_div av-zero-column-padding  '     ><p>\n<style type=\"text\/css\" data-created_by=\"avia_inline_auto\" id=\"style-css-av-av_font_icon-899c547eb31a32ef3c1db9b7fd1311ea\">\n.av_font_icon.av-av_font_icon-899c547eb31a32ef3c1db9b7fd1311ea{\ncolor:#222222;\nborder-color:#222222;\n}\n.avia-svg-icon.av-av_font_icon-899c547eb31a32ef3c1db9b7fd1311ea svg:first-child{\nstroke:#222222;\nfill:#222222;\n}\n.av_font_icon.av-av_font_icon-899c547eb31a32ef3c1db9b7fd1311ea .av-icon-char{\nfont-size:40px;\nline-height:40px;\n}\n<\/style>\n<span  class='av_font_icon av-av_font_icon-899c547eb31a32ef3c1db9b7fd1311ea avia_animate_when_visible av-icon-style- avia-icon-pos-center avia-iconfont avia-font-entypo-fontello avia-icon-animate'><span class='av-icon-char' data-av_icon='\ue849' data-av_iconfont='entypo-fontello' aria-hidden=\"true\" ><\/span><\/span><br \/>\n\n<style type=\"text\/css\" data-created_by=\"avia_inline_auto\" id=\"style-css-av-av_heading-e8f9d9886d2baddc456401688863537f\">\n#top .av-special-heading.av-av_heading-e8f9d9886d2baddc456401688863537f{\npadding-bottom:40px;\nfont-size:24px;\n}\nbody .av-special-heading.av-av_heading-e8f9d9886d2baddc456401688863537f .av-special-heading-tag .heading-char{\nfont-size:25px;\n}\n#top #wrap_all .av-special-heading.av-av_heading-e8f9d9886d2baddc456401688863537f .av-special-heading-tag{\nfont-size:24px;\n}\n.av-special-heading.av-av_heading-e8f9d9886d2baddc456401688863537f .av-subheading{\nfont-size:15px;\n}\n\n@media only screen and (min-width: 480px) and (max-width: 767px){ \n#top #wrap_all .av-special-heading.av-av_heading-e8f9d9886d2baddc456401688863537f .av-special-heading-tag{\nfont-size:0.8em;\n}\n}\n\n@media only screen and (max-width: 479px){ \n#top #wrap_all .av-special-heading.av-av_heading-e8f9d9886d2baddc456401688863537f .av-special-heading-tag{\nfont-size:0.8em;\n}\n}\n<\/style>\n<div  class='av-special-heading av-av_heading-e8f9d9886d2baddc456401688863537f av-special-heading-h2 blockquote modern-quote  avia-builder-el-19  el_after_av_font_icon  el_before_av_textblock  av-inherit-size'><h2 class='av-special-heading-tag '  itemprop=\"headline\"  >*** Entrada gratuita<\/h2><div class=\"special-heading-border\"><div class=\"special-heading-inner-border\"><\/div><\/div><\/div><br \/>\n<section  class='av_textblock_section av-ku5i8g33-5d81df45465b9089c48123fbb5c7e8d9 '   itemscope=\"itemscope\" itemtype=\"https:\/\/schema.org\/CreativeWork\" ><div class='avia_textblock'  itemprop=\"text\" ><ul>\n<li>NI\u00d1OS DE 0-7 A\u00d1OS<\/li>\n<li><span class=\"VIiyi\" lang=\"es\"><span class=\"JLqJ4b ChMk0b\" data-language-for-alternatives=\"es\" data-language-to-translate-into=\"it\" data-phrase-index=\"0\">MAESTROS QUE ACOMPA\u00d1AN A LOS NI\u00d1OS ESCOLARES<\/span><\/span><\/li>\n<li>MINUSV\u00c1LIDOS CON ACOMPA\u00d1ANTES<\/li>\n<li>GU\u00cdAS TUR\u00cdSTICAS<\/li>\n<li>VERONA CARD (SUBIDA POR LAS ESCALERAS)<\/li>\n<li>CHICOS HU\u00c9SPEDES DE INTERCAMBIOS INTERNACIONALES<\/li>\n<li>PERSONAL DE PRENSA<\/li>\n<li>ANCIANOS RESIDENTES CON M\u00c1S DE 65 A\u00d1OS<\/li>\n<li><span class=\"VIiyi\" lang=\"es\"><span class=\"JLqJ4b ChMk0b\" data-language-for-alternatives=\"es\" data-language-to-translate-into=\"it\" data-phrase-index=\"4\" data-number-of-phrases=\"5\">AUTORIDAD<\/span><\/span><\/li>\n<li>FUERZAS DEL ORDEN\/BOMBEROS<\/li>\n<li>SOCIOS ICOM<\/li>\n<li><span class=\"VIiyi\" lang=\"es\"><span class=\"JLqJ4b ChMk0b\" data-language-for-alternatives=\"es\" data-language-to-translate-into=\"it\" data-phrase-index=\"2\" data-number-of-phrases=\"5\">ASOCIACI\u00d3N DE EX CONSEJEROS MUNICIPALES DE LA CIUDAD DE VERONA<\/span><\/span><\/li>\n<\/ul>\n<\/div><\/section><\/p><\/div>\n<style type=\"text\/css\" data-created_by=\"avia_inline_auto\" id=\"style-css-av-av_one_full-6126cab7d8fab8d08143dd2dacdf673c\">\n.flex_column.av-av_one_full-6126cab7d8fab8d08143dd2dacdf673c{\nborder-radius:0px 0px 0px 0px;\npadding:0px 0px 0px 0px;\n}\n<\/style>\n<div  class='flex_column av-av_one_full-6126cab7d8fab8d08143dd2dacdf673c av_one_full  avia-builder-el-21  el_after_av_one_third  avia-builder-el-last  first flex_column_div av-zero-column-padding  column-top-margin'     ><p>\n<style type=\"text\/css\" data-created_by=\"avia_inline_auto\" id=\"style-css-av-av_hr-4e700ce148bf0745469c99b99aa479c3\">\n#top .hr.hr-invisible.av-av_hr-4e700ce148bf0745469c99b99aa479c3{\nheight:20px;\n}\n<\/style>\n<div  class='hr av-av_hr-4e700ce148bf0745469c99b99aa479c3 hr-invisible  avia-builder-el-22  el_before_av_textblock  avia-builder-el-first '><span class='hr-inner '><span class=\"hr-inner-style\"><\/span><\/span><\/div><br \/>\n<section  class='av_textblock_section av-av_textblock-0366cc7376be6c9e82a3e9cc8987b64f '   itemscope=\"itemscope\" itemtype=\"https:\/\/schema.org\/CreativeWork\" ><div class='avia_textblock'  itemprop=\"text\" ><p style=\"text-align: center;\">Para otras asociaciones y categor\u00edas, m\u00e1s informaci\u00f3n en <a href=\"mailto:info@torredeilamberti.it\">info@torredeilamberti.it<\/a><\/p>\n<\/div><\/section><\/p><\/div>\n<\/p>\n","protected":false},"excerpt":{"rendered":"","protected":false},"author":1,"featured_media":0,"parent":0,"menu_order":0,"comment_status":"open","ping_status":"closed","template":"","meta":{"footnotes":""},"class_list":["post-1351","page","type-page","status-publish","hentry"],"_links":{"self":[{"href":"https:\/\/www.torredeilamberti.it\/es\/wp-json\/wp\/v2\/pages\/1351","targetHints":{"allow":["GET"]}}],"collection":[{"href":"https:\/\/www.torredeilamberti.it\/es\/wp-json\/wp\/v2\/pages"}],"about":[{"href":"https:\/\/www.torredeilamberti.it\/es\/wp-json\/wp\/v2\/types\/page"}],"author":[{"embeddable":true,"href":"https:\/\/www.torredeilamberti.it\/es\/wp-json\/wp\/v2\/users\/1"}],"replies":[{"embeddable":true,"href":"https:\/\/www.torredeilamberti.it\/es\/wp-json\/wp\/v2\/comments?post=1351"}],"version-history":[{"count":30,"href":"https:\/\/www.torredeilamberti.it\/es\/wp-json\/wp\/v2\/pages\/1351\/revisions"}],"predecessor-version":[{"id":4280,"href":"https:\/\/www.torredeilamberti.it\/es\/wp-json\/wp\/v2\/pages\/1351\/revisions\/4280"}],"wp:attachment":[{"href":"https:\/\/www.torredeilamberti.it\/es\/wp-json\/wp\/v2\/media?parent=1351"}],"curies":[{"name":"wp","href":"https:\/\/api.w.org\/{rel}","templated":true}]}}