{"id":1303,"date":"2015-02-22T20:09:33","date_gmt":"2015-02-22T19:09:33","guid":{"rendered":"http:\/\/torredeilamberti.it\/biglietteria\/?lang=fr"},"modified":"2025-07-25T13:43:34","modified_gmt":"2025-07-25T11:43:34","slug":"billetterie","status":"publish","type":"page","link":"https:\/\/www.torredeilamberti.it\/fr\/billetterie\/","title":{"rendered":"Billetterie"},"content":{"rendered":"<div id='full_slider_1'  class='avia-fullwidth-slider main_color avia-shadow   avia-builder-el-0  el_before_av_section  avia-builder-el-first   container_wrap fullsize'  >\n<style type=\"text\/css\" data-created_by=\"avia_inline_auto\" id=\"style-css-av-av_slideshow_full-d232127d8c461a24a6ee67c7f01c1f21\">\n#top #wrap_all .avia-slideshow .av-slideshow-caption.av-av_slideshow_full-d232127d8c461a24a6ee67c7f01c1f21__0 .avia-caption-title{\nfont-size:40px;\n}\n#top .avia-slideshow .av-slideshow-caption.av-av_slideshow_full-d232127d8c461a24a6ee67c7f01c1f21__0 .avia-caption-content{\nfont-size:30px;\n}\n#top .avia-slideshow .av-slideshow-caption.av-av_slideshow_full-d232127d8c461a24a6ee67c7f01c1f21__0 .avia-caption-content p{\nfont-size:30px;\n}\n<\/style>\n<div  class='avia-slideshow av-av_slideshow_full-d232127d8c461a24a6ee67c7f01c1f21 avia-slideshow-featured av_slideshow_full avia-slide-slider av-slideshow-ui av-control-default av-slideshow-manual av-loop-once av-loop-manual-endless av-default-height-applied   avia-slideshow-1' data-slideshow-options=\"{&quot;animation&quot;:&quot;slide&quot;,&quot;autoplay&quot;:false,&quot;loop_autoplay&quot;:&quot;once&quot;,&quot;interval&quot;:5,&quot;loop_manual&quot;:&quot;manual-endless&quot;,&quot;autoplay_stopper&quot;:false,&quot;noNavigation&quot;:false,&quot;bg_slider&quot;:false,&quot;keep_padding&quot;:false,&quot;hoverpause&quot;:false,&quot;show_slide_delay&quot;:0}\"  itemprop=\"image\" itemscope=\"itemscope\" itemtype=\"https:\/\/schema.org\/ImageObject\" ><ul class='avia-slideshow-inner ' style='padding-bottom: 28.666666666667%;'><li  class='avia-slideshow-slide av-av_slideshow_full-d232127d8c461a24a6ee67c7f01c1f21__0  av-single-slide slide-1 slide-odd'><div data-rel='slideshow-1' class='avia-slide-wrap '   ><img decoding=\"async\" fetchpriority=\"high\" class=\"wp-image-2188 avia-img-lazy-loading-not-2188\"  src=\"https:\/\/www.torredeilamberti.it\/wp-content\/uploads\/R_UD9763-1500x430.jpg\" width=\"1500\" height=\"430\" title='Biglietteria Torre dei Lamberti Palazzo della Ragione' alt=''  itemprop=\"thumbnailUrl\"   \/><\/div><\/li><\/ul><div class='av-slideshow-caption av-av_slideshow_full-d232127d8c461a24a6ee67c7f01c1f21__0 caption_fullwidth caption_left'><div class=\"container caption_container\"><div class=\"slideshow_caption\"><div class=\"slideshow_inner_caption\"><div class=\"slideshow_align_caption\"><h2 class='avia-caption-title '  itemprop=\"name\" >Quand et combien<\/h2><\/div><\/div><\/div><\/div><\/div><\/div><\/div>\n\n<style type=\"text\/css\" data-created_by=\"avia_inline_auto\" id=\"style-css-av-av_section-841f5cd40f3f634ac8f0c643c7240f78\">\n.avia-section.av-av_section-841f5cd40f3f634ac8f0c643c7240f78{\nbackground-color:#e7ded3;\nbackground-image:unset;\n}\n.avia-section.av-av_section-841f5cd40f3f634ac8f0c643c7240f78 .av-section-color-overlay{\nopacity:0.5;\nbackground-image:url(https:\/\/www.torredeilamberti.it\/wp-content\/themes\/enfold\/images\/background-images\/noise-for-dark-background.png);\nbackground-repeat:repeat;\n}\n<\/style>\n<div id='av_section_1'  class='avia-section av-av_section-841f5cd40f3f634ac8f0c643c7240f78 main_color avia-section-huge avia-no-border-styling  avia-builder-el-1  el_after_av_slideshow_full  el_before_av_section  avia-bg-style-scroll av-section-color-overlay-active container_wrap fullsize'  ><div class=\"av-section-color-overlay-wrap\"><div class=\"av-section-color-overlay\"><\/div><div class='container av-section-cont-open' ><div class='template-page content  av-content-full alpha units'><div class='post-entry post-entry-type-page post-entry-1303'><div class='entry-content-wrapper clearfix'>\n<section  class='av_textblock_section av-kte35efi-6ca6dc1555005f95ff54b29bb94ece9a '   itemscope=\"itemscope\" itemtype=\"https:\/\/schema.org\/CreativeWork\" ><div class='avia_textblock'  itemprop=\"text\" ><h3 style=\"text-align: center;\">Il est recommand\u00e9 de r\u00e9server pour acc\u00e9der au monument, ce qui peut \u00eatre fait par courrier \u00e9lectronique en \u00e9crivant \u00e0 torredeilamberti@agec.it ou en appelant le 045 9273027 du lundi au vendredi de 10h15 \u00e0 17h15, les samedis, dimanches et jours f\u00e9ri\u00e9s de 11h15 \u00e0 18h15.<\/h3>\n<\/div><\/section>\n<div  class='flex_column av-av_one_half-2a9015ff38129c418a3f2eafba3e9512 av_one_half  avia-builder-el-3  el_after_av_textblock  el_before_av_one_half  first flex_column_div  column-top-margin'     ><section  class='av_textblock_section av-kudt8eer-17ac6f521f8dd27b7f07ce8d96b012b0 '   itemscope=\"itemscope\" itemtype=\"https:\/\/schema.org\/CreativeWork\" ><div class='avia_textblock'  itemprop=\"text\" ><h2 style=\"text-align: right;\">Prix entr\u00e9e<\/h2>\n<p style=\"text-align: right;\">Entier 6,00 \u20ac<\/p>\n<p style=\"text-align: right;\">* R\u00e9duit 4,50 \u20ac<\/p>\n<p style=\"text-align: right;\">** R\u00e9duit 1,00 \u20ac<\/p>\n<p style=\"text-align: right;\">*** Gratuit<\/p>\n<\/div><\/section><\/div>\n<style type=\"text\/css\" data-created_by=\"avia_inline_auto\" id=\"style-css-av-av_one_half-0aa7055fe62c3622faec82866afbaeb2\">\n.flex_column.av-av_one_half-0aa7055fe62c3622faec82866afbaeb2{\nborder-radius:0px 0px 0px 0px;\npadding:0px 0px 0px 0px;\n}\n<\/style>\n<div  class='flex_column av-av_one_half-0aa7055fe62c3622faec82866afbaeb2 av_one_half  avia-builder-el-5  el_after_av_one_half  avia-builder-el-last  flex_column_div av-zero-column-padding  column-top-margin'     ><section  class='av_textblock_section av-m06dxugh-efdc5b37de3eae386e934e7c7934a2f8 '   itemscope=\"itemscope\" itemtype=\"https:\/\/schema.org\/CreativeWork\" ><div class='avia_textblock'  itemprop=\"text\" ><h2>Horaires d&rsquo;ouverture<\/h2>\n<p>Du lundi au vendredi 10.00 h &#8211; 18.00 h<\/p>\n<p>Samedi, dimanche et f\u00eates 11.00 h &#8211; 19.00 h<\/p>\n<p>Derni\u00e8re entr\u00e9e 45 minutes avant la fermeture.<br \/>\nLa billetterie et la librairie ferment 45 minutes avant la fermeture.<\/p>\n<\/div><\/section><br \/>\n\n<style type=\"text\/css\" data-created_by=\"avia_inline_auto\" id=\"style-css-av-av_hr-ee2847e2e025ce3d30801259a03f9fd4\">\n#top .hr.hr-invisible.av-av_hr-ee2847e2e025ce3d30801259a03f9fd4{\nheight:10px;\n}\n<\/style>\n<div  class='hr av-av_hr-ee2847e2e025ce3d30801259a03f9fd4 hr-invisible  avia-builder-el-7  el_after_av_textblock  avia-builder-el-last '><span class='hr-inner '><span class=\"hr-inner-style\"><\/span><\/span><\/div><\/p><\/div><\/div><\/div><\/div><!-- close content main div --><\/div><\/div><\/div>\n<style type=\"text\/css\" data-created_by=\"avia_inline_auto\" id=\"style-css-av-av_section-4bbec98767ba621563ca4743d4377bb7\">\n.avia-section.av-av_section-4bbec98767ba621563ca4743d4377bb7 .av-extra-border-element .av-extra-border-inner{\nbackground-color:#ffffff;\n}\n<\/style>\n<div id='av_section_2'  class='avia-section av-av_section-4bbec98767ba621563ca4743d4377bb7 main_color avia-section-huge avia-no-border-styling  avia-builder-el-8  el_after_av_section  avia-builder-el-last  avia-bg-style-scroll av-arrow-down-section container_wrap fullsize'  ><div class='container av-section-cont-open' ><div class='template-page content  av-content-full alpha units'><div class='post-entry post-entry-type-page post-entry-1303'><div class='entry-content-wrapper clearfix'>\n\n<style type=\"text\/css\" data-created_by=\"avia_inline_auto\" id=\"style-css-av-av_one_third-6126cab7d8fab8d08143dd2dacdf673c\">\n.flex_column.av-av_one_third-6126cab7d8fab8d08143dd2dacdf673c{\nborder-radius:0px 0px 0px 0px;\npadding:0px 0px 0px 0px;\n}\n<\/style>\n<div  class='flex_column av-av_one_third-6126cab7d8fab8d08143dd2dacdf673c av_one_third  avia-builder-el-9  el_before_av_one_third  avia-builder-el-first  first flex_column_div av-zero-column-padding  '     ><p>\n<style type=\"text\/css\" data-created_by=\"avia_inline_auto\" id=\"style-css-av-av_font_icon-899c547eb31a32ef3c1db9b7fd1311ea\">\n.av_font_icon.av-av_font_icon-899c547eb31a32ef3c1db9b7fd1311ea{\ncolor:#222222;\nborder-color:#222222;\n}\n.avia-svg-icon.av-av_font_icon-899c547eb31a32ef3c1db9b7fd1311ea svg:first-child{\nstroke:#222222;\nfill:#222222;\n}\n.av_font_icon.av-av_font_icon-899c547eb31a32ef3c1db9b7fd1311ea .av-icon-char{\nfont-size:40px;\nline-height:40px;\n}\n<\/style>\n<span  class='av_font_icon av-av_font_icon-899c547eb31a32ef3c1db9b7fd1311ea avia_animate_when_visible av-icon-style- avia-icon-pos-center avia-iconfont avia-font-entypo-fontello avia-icon-animate'><span class='av-icon-char' data-av_icon='\ue849' data-av_iconfont='entypo-fontello' aria-hidden=\"true\" ><\/span><\/span><br \/>\n\n<style type=\"text\/css\" data-created_by=\"avia_inline_auto\" id=\"style-css-av-kw0e2sso-349ca1318f9d70a539b046711133ccc5\">\n#top .av-special-heading.av-kw0e2sso-349ca1318f9d70a539b046711133ccc5{\npadding-bottom:40px;\nfont-size:24px;\n}\nbody .av-special-heading.av-kw0e2sso-349ca1318f9d70a539b046711133ccc5 .av-special-heading-tag .heading-char{\nfont-size:25px;\n}\n#top #wrap_all .av-special-heading.av-kw0e2sso-349ca1318f9d70a539b046711133ccc5 .av-special-heading-tag{\nfont-size:24px;\n}\n.av-special-heading.av-kw0e2sso-349ca1318f9d70a539b046711133ccc5 .av-subheading{\nfont-size:15px;\n}\n\n@media only screen and (min-width: 480px) and (max-width: 767px){ \n#top #wrap_all .av-special-heading.av-kw0e2sso-349ca1318f9d70a539b046711133ccc5 .av-special-heading-tag{\nfont-size:0.8em;\n}\n}\n\n@media only screen and (max-width: 479px){ \n#top #wrap_all .av-special-heading.av-kw0e2sso-349ca1318f9d70a539b046711133ccc5 .av-special-heading-tag{\nfont-size:0.8em;\n}\n}\n<\/style>\n<div  class='av-special-heading av-kw0e2sso-349ca1318f9d70a539b046711133ccc5 av-special-heading-h2 blockquote modern-quote  avia-builder-el-11  el_after_av_font_icon  el_before_av_textblock  av-inherit-size'><h2 class='av-special-heading-tag '  itemprop=\"headline\"  >* Entr\u00e9e tarif r\u00e9duit \u20ac 4,50<\/h2><div class=\"special-heading-border\"><div class=\"special-heading-inner-border\"><\/div><\/div><\/div><br \/>\n<section  class='av_textblock_section av-kw0e4455-24815f02ac43c75ebf9071096bb12aae '   itemscope=\"itemscope\" itemtype=\"https:\/\/schema.org\/CreativeWork\" ><div class='avia_textblock'  itemprop=\"text\" ><ul>\n<li>GROUPES 15 PERSONNES<\/li>\n<li>SENIOR 60 ANS<\/li>\n<li>ENFANTS 8-14 ANS<\/li>\n<li>UNIVERSIT\u00c9 DU TROISI\u00c8ME \u00c2GE<\/li>\n<li><span class=\"VIiyi\" lang=\"fr\"><span class=\"JLqJ4b ChMk0b\" data-language-for-alternatives=\"fr\" data-language-to-translate-into=\"it\" data-phrase-index=\"0\" data-number-of-phrases=\"1\">CARTE PROVINCE DE VERONE<\/span><\/span><\/li>\n<li><span class=\"VIiyi\" lang=\"fr\"><span class=\"JLqJ4b ChMk0b\" data-language-for-alternatives=\"fr\" data-language-to-translate-into=\"it\" data-phrase-index=\"0\" data-number-of-phrases=\"3\">ARM\u00c9E ITALIENNE<\/span><\/span><\/li>\n<li><span class=\"VIiyi\" lang=\"fr\"><span class=\"JLqJ4b ChMk0b\" data-language-for-alternatives=\"fr\" data-language-to-translate-into=\"it\" data-phrase-index=\"2\" data-number-of-phrases=\"3\">B\u00c9N\u00c9VOLES DE LA FONCTION CIVILE NATIONALE<\/span><\/span><\/li>\n<li>\u00c9TUDIANTS 14-30 ANS SUR PR\u00c9SENTATION DE LA CARTE DE L&rsquo;\u00c9COLE OU DE L&rsquo;UNIVERSIT\u00c9<\/li>\n<\/ul>\n<\/div><\/section><\/p><\/div>\n<style type=\"text\/css\" data-created_by=\"avia_inline_auto\" id=\"style-css-av-av_one_third-0aa7055fe62c3622faec82866afbaeb2\">\n.flex_column.av-av_one_third-0aa7055fe62c3622faec82866afbaeb2{\nborder-radius:0px 0px 0px 0px;\npadding:0px 0px 0px 0px;\n}\n<\/style>\n<div  class='flex_column av-av_one_third-0aa7055fe62c3622faec82866afbaeb2 av_one_third  avia-builder-el-13  el_after_av_one_third  el_before_av_one_third  flex_column_div av-zero-column-padding  '     ><p>\n<style type=\"text\/css\" data-created_by=\"avia_inline_auto\" id=\"style-css-av-av_font_icon-899c547eb31a32ef3c1db9b7fd1311ea\">\n.av_font_icon.av-av_font_icon-899c547eb31a32ef3c1db9b7fd1311ea{\ncolor:#222222;\nborder-color:#222222;\n}\n.avia-svg-icon.av-av_font_icon-899c547eb31a32ef3c1db9b7fd1311ea svg:first-child{\nstroke:#222222;\nfill:#222222;\n}\n.av_font_icon.av-av_font_icon-899c547eb31a32ef3c1db9b7fd1311ea .av-icon-char{\nfont-size:40px;\nline-height:40px;\n}\n<\/style>\n<span  class='av_font_icon av-av_font_icon-899c547eb31a32ef3c1db9b7fd1311ea avia_animate_when_visible av-icon-style- avia-icon-pos-center avia-iconfont avia-font-entypo-fontello avia-icon-animate'><span class='av-icon-char' data-av_icon='\ue849' data-av_iconfont='entypo-fontello' aria-hidden=\"true\" ><\/span><\/span><br \/>\n\n<style type=\"text\/css\" data-created_by=\"avia_inline_auto\" id=\"style-css-av-av_heading-5f77508447bccdaae360aa91357c0e36\">\n#top .av-special-heading.av-av_heading-5f77508447bccdaae360aa91357c0e36{\npadding-bottom:40px;\nfont-size:24px;\n}\nbody .av-special-heading.av-av_heading-5f77508447bccdaae360aa91357c0e36 .av-special-heading-tag .heading-char{\nfont-size:25px;\n}\n#top #wrap_all .av-special-heading.av-av_heading-5f77508447bccdaae360aa91357c0e36 .av-special-heading-tag{\nfont-size:24px;\n}\n.av-special-heading.av-av_heading-5f77508447bccdaae360aa91357c0e36 .av-subheading{\nfont-size:15px;\n}\n\n@media only screen and (min-width: 480px) and (max-width: 767px){ \n#top #wrap_all .av-special-heading.av-av_heading-5f77508447bccdaae360aa91357c0e36 .av-special-heading-tag{\nfont-size:0.8em;\n}\n}\n\n@media only screen and (max-width: 479px){ \n#top #wrap_all .av-special-heading.av-av_heading-5f77508447bccdaae360aa91357c0e36 .av-special-heading-tag{\nfont-size:0.8em;\n}\n}\n<\/style>\n<div  class='av-special-heading av-av_heading-5f77508447bccdaae360aa91357c0e36 av-special-heading-h2 blockquote modern-quote  avia-builder-el-15  el_after_av_font_icon  el_before_av_textblock  av-inherit-size'><h2 class='av-special-heading-tag '  itemprop=\"headline\"  >** Entr\u00e9e tarif r\u00e9duit \u20ac 1,00<\/h2><div class=\"special-heading-border\"><div class=\"special-heading-inner-border\"><\/div><\/div><\/div><br \/>\n<section  class='av_textblock_section av-kw0e4dp8-6d94261c3a308f04316678ef29ca1ff2 '   itemscope=\"itemscope\" itemtype=\"https:\/\/schema.org\/CreativeWork\" ><div class='avia_textblock'  itemprop=\"text\" ><ul>\n<li>GROUPES SCOLAIRES<\/li>\n<li>UTILISATION DE L\u2019ASCENSEUR POUR LES POSSESSEURS DE V\u00c9RONA CARD<\/li>\n<\/ul>\n<\/div><\/section><\/p><\/div>\n<style type=\"text\/css\" data-created_by=\"avia_inline_auto\" id=\"style-css-av-av_one_third-0aa7055fe62c3622faec82866afbaeb2\">\n.flex_column.av-av_one_third-0aa7055fe62c3622faec82866afbaeb2{\nborder-radius:0px 0px 0px 0px;\npadding:0px 0px 0px 0px;\n}\n<\/style>\n<div  class='flex_column av-av_one_third-0aa7055fe62c3622faec82866afbaeb2 av_one_third  avia-builder-el-17  el_after_av_one_third  el_before_av_one_full  flex_column_div av-zero-column-padding  '     ><p>\n<style type=\"text\/css\" data-created_by=\"avia_inline_auto\" id=\"style-css-av-av_font_icon-899c547eb31a32ef3c1db9b7fd1311ea\">\n.av_font_icon.av-av_font_icon-899c547eb31a32ef3c1db9b7fd1311ea{\ncolor:#222222;\nborder-color:#222222;\n}\n.avia-svg-icon.av-av_font_icon-899c547eb31a32ef3c1db9b7fd1311ea svg:first-child{\nstroke:#222222;\nfill:#222222;\n}\n.av_font_icon.av-av_font_icon-899c547eb31a32ef3c1db9b7fd1311ea .av-icon-char{\nfont-size:40px;\nline-height:40px;\n}\n<\/style>\n<span  class='av_font_icon av-av_font_icon-899c547eb31a32ef3c1db9b7fd1311ea avia_animate_when_visible av-icon-style- avia-icon-pos-center avia-iconfont avia-font-entypo-fontello avia-icon-animate'><span class='av-icon-char' data-av_icon='\ue849' data-av_iconfont='entypo-fontello' aria-hidden=\"true\" ><\/span><\/span><br \/>\n\n<style type=\"text\/css\" data-created_by=\"avia_inline_auto\" id=\"style-css-av-av_heading-89c3a597e64c292e1a25fa20f2cfb548\">\n#top .av-special-heading.av-av_heading-89c3a597e64c292e1a25fa20f2cfb548{\npadding-bottom:40px;\nfont-size:24px;\n}\nbody .av-special-heading.av-av_heading-89c3a597e64c292e1a25fa20f2cfb548 .av-special-heading-tag .heading-char{\nfont-size:25px;\n}\n#top #wrap_all .av-special-heading.av-av_heading-89c3a597e64c292e1a25fa20f2cfb548 .av-special-heading-tag{\nfont-size:24px;\n}\n.av-special-heading.av-av_heading-89c3a597e64c292e1a25fa20f2cfb548 .av-subheading{\nfont-size:15px;\n}\n\n@media only screen and (min-width: 480px) and (max-width: 767px){ \n#top #wrap_all .av-special-heading.av-av_heading-89c3a597e64c292e1a25fa20f2cfb548 .av-special-heading-tag{\nfont-size:0.8em;\n}\n}\n\n@media only screen and (max-width: 479px){ \n#top #wrap_all .av-special-heading.av-av_heading-89c3a597e64c292e1a25fa20f2cfb548 .av-special-heading-tag{\nfont-size:0.8em;\n}\n}\n<\/style>\n<div  class='av-special-heading av-av_heading-89c3a597e64c292e1a25fa20f2cfb548 av-special-heading-h2 blockquote modern-quote  avia-builder-el-19  el_after_av_font_icon  el_before_av_textblock  av-inherit-size'><h2 class='av-special-heading-tag '  itemprop=\"headline\"  >*** Entr\u00e9e gratuite<\/h2><div class=\"special-heading-border\"><div class=\"special-heading-inner-border\"><\/div><\/div><\/div><br \/>\n<section  class='av_textblock_section av-ku5i8vy7-97b32d9d7284c16e60804febb283cf0a '   itemscope=\"itemscope\" itemtype=\"https:\/\/schema.org\/CreativeWork\" ><div class='avia_textblock'  itemprop=\"text\" ><ul>\n<li>ENFANTS 0-7 ANS<\/li>\n<li><span class=\"VIiyi\" lang=\"fr\"><span class=\"JLqJ4b ChMk0b\" data-language-for-alternatives=\"fr\" data-language-to-translate-into=\"it\" data-phrase-index=\"0\">ENSEIGNANTS ACCOMPAGNANT LES ENFANTS SCOLAIRES<\/span><\/span><\/li>\n<li>PERSONNES PORTEUSES DE HANDICAPS AVEC ACCOMPAGNATEURS<\/li>\n<li>GUIDES TOURISTIQUES<\/li>\n<li>V\u00c9RONA CARD (MONT\u00c9E PAR L\u2019ESCALIER)<\/li>\n<li>ENFANTS H\u00d4TES DES GROUPES D\u2019\u00c9CHANGES INTERNATIONAUX<\/li>\n<li>PRESSE<\/li>\n<li>R\u00c9SIDENTS DE PLUS DE 65 ANS<\/li>\n<li><span class=\"VIiyi\" lang=\"fr\"><span class=\"JLqJ4b ChMk0b\" data-language-for-alternatives=\"fr\" data-language-to-translate-into=\"it\" data-phrase-index=\"0\" data-number-of-phrases=\"1\">AUTORIT\u00c9<\/span><\/span><\/li>\n<li>FORCES DE L\u2019ORDRE\/POMPIERS<\/li>\n<li>MEMBRES ICOM<\/li>\n<li><span class=\"VIiyi\" lang=\"fr\"><span class=\"JLqJ4b ChMk0b\" data-language-for-alternatives=\"fr\" data-language-to-translate-into=\"it\" data-phrase-index=\"0\" data-number-of-phrases=\"1\">ASSOCIATION DES ANCIENS CONSEILLERS MUNICIPAUX DE LA VILLE DE VERONE<\/span><\/span><\/li>\n<\/ul>\n<\/div><\/section><\/p><\/div>\n<style type=\"text\/css\" data-created_by=\"avia_inline_auto\" id=\"style-css-av-av_one_full-6126cab7d8fab8d08143dd2dacdf673c\">\n.flex_column.av-av_one_full-6126cab7d8fab8d08143dd2dacdf673c{\nborder-radius:0px 0px 0px 0px;\npadding:0px 0px 0px 0px;\n}\n<\/style>\n<div  class='flex_column av-av_one_full-6126cab7d8fab8d08143dd2dacdf673c av_one_full  avia-builder-el-21  el_after_av_one_third  avia-builder-el-last  first flex_column_div av-zero-column-padding  column-top-margin'     ><p>\n<style type=\"text\/css\" data-created_by=\"avia_inline_auto\" id=\"style-css-av-av_hr-4e700ce148bf0745469c99b99aa479c3\">\n#top .hr.hr-invisible.av-av_hr-4e700ce148bf0745469c99b99aa479c3{\nheight:20px;\n}\n<\/style>\n<div  class='hr av-av_hr-4e700ce148bf0745469c99b99aa479c3 hr-invisible  avia-builder-el-22  el_before_av_textblock  avia-builder-el-first '><span class='hr-inner '><span class=\"hr-inner-style\"><\/span><\/span><\/div><br \/>\n<section  class='av_textblock_section av-av_textblock-0366cc7376be6c9e82a3e9cc8987b64f '   itemscope=\"itemscope\" itemtype=\"https:\/\/schema.org\/CreativeWork\" ><div class='avia_textblock'  itemprop=\"text\" ><p style=\"text-align: center;\">Pour les autres associations et cat\u00e9gories, informations \u00e0 <a href=\"mailto:info@torredeilamberti.it\">info@torredeilamberti.it<\/a><\/p>\n<\/div><\/section><\/p><\/div>\n<\/p>\n","protected":false},"excerpt":{"rendered":"","protected":false},"author":1,"featured_media":0,"parent":0,"menu_order":0,"comment_status":"open","ping_status":"closed","template":"","meta":{"footnotes":""},"class_list":["post-1303","page","type-page","status-publish","hentry"],"_links":{"self":[{"href":"https:\/\/www.torredeilamberti.it\/fr\/wp-json\/wp\/v2\/pages\/1303","targetHints":{"allow":["GET"]}}],"collection":[{"href":"https:\/\/www.torredeilamberti.it\/fr\/wp-json\/wp\/v2\/pages"}],"about":[{"href":"https:\/\/www.torredeilamberti.it\/fr\/wp-json\/wp\/v2\/types\/page"}],"author":[{"embeddable":true,"href":"https:\/\/www.torredeilamberti.it\/fr\/wp-json\/wp\/v2\/users\/1"}],"replies":[{"embeddable":true,"href":"https:\/\/www.torredeilamberti.it\/fr\/wp-json\/wp\/v2\/comments?post=1303"}],"version-history":[{"count":35,"href":"https:\/\/www.torredeilamberti.it\/fr\/wp-json\/wp\/v2\/pages\/1303\/revisions"}],"predecessor-version":[{"id":4272,"href":"https:\/\/www.torredeilamberti.it\/fr\/wp-json\/wp\/v2\/pages\/1303\/revisions\/4272"}],"wp:attachment":[{"href":"https:\/\/www.torredeilamberti.it\/fr\/wp-json\/wp\/v2\/media?parent=1303"}],"curies":[{"name":"wp","href":"https:\/\/api.w.org\/{rel}","templated":true}]}}